{"id":3202,"date":"2020-06-16T09:32:16","date_gmt":"2020-06-16T07:32:16","guid":{"rendered":"http:\/\/test.serconsrus.com\/?page_id=3202"},"modified":"2024-11-18T10:04:41","modified_gmt":"2024-11-18T08:04:41","slug":"politika-v-oblasti-kachestva","status":"publish","type":"page","link":"https:\/\/ce-test.lv\/lv\/politika-v-oblasti-kachestva\/","title":{"rendered":"Kvalit\u0101tes politika SIA &#8220;CE-Test&#8221;sertifik\u0101cijas iest\u0101de"},"content":{"rendered":"<p>[vc_row][vc_column][vc_column_text]SIA &#8220;CE-Test&#8221; sertifik\u0101cijas iest\u0101des darb\u012bbas kvalit\u0101tes galvenais m\u0113r\u0137is ir akredit\u0101cijas jom\u0101 Iek\u013cauto produktu sertifik\u0101cija, pamatojoties uz veikto darbu augstas kvalit\u0101tes garantiju, kas nodro\u0161ina pie\u0146emto l\u0113mumu objektivit\u0101ti, ticam\u012bbu un objektivit\u0101ti, izv\u0113rt\u0113jot produktu atbilst\u012bbu deklar\u0113taj\u0101m pras\u012bb\u0101m.<\/p>\n<p>SIA &#8220;CE-Test&#8221; sertifik\u0101cijas iest\u0101des galvenie darb\u012bbas virzieni kvalit\u0101tes jom\u0101 ir:<br \/>\n&#8211; pan\u0101kt ieinteres\u0113to personu ilgtsp\u0113j\u012bgu uztic\u0113\u0161anos, ka produkti atbilst noteiktaj\u0101m pras\u012bb\u0101m;<br \/>\n&#8211; nodro\u0161in\u0101t augsta l\u012bme\u0146a organiz\u0101ciju un darbu veik\u0161anu, kas nodro\u0161ina objekt\u012bvu, objekt\u012bvu un kompetentu tre\u0161\u0101s puses nov\u0113rt\u0113jumu;<br \/>\n&#8211; sasniegt pretendentu un sertifik\u0101cijas iest\u0101des person\u0101la apmierin\u0101t\u012bbu.<\/p>\n<p>SIA &#8220;CE-Test&#8221; sertifik\u0101cijas iest\u0101des darb\u012bba kvalit\u0101tes jom\u0101 balst\u0101s uz \u0161\u0101du principu iev\u0113ro\u0161anu:<br \/>\n&#8211; objektivit\u0101te,<br \/>\n&#8211; kompetence,<br \/>\n&#8211; konfidencialit\u0101te,<br \/>\n&#8211; atv\u0113rt\u012bba,<br \/>\n&#8211; rea\u0123\u0113\u0161ana uz s\u016bdz\u012bb\u0101m un apel\u0101cij\u0101m,<br \/>\n&#8211; atbild\u012bba.<\/p>\n<p>SIA &#8220;CE-Test&#8221; sertifik\u0101cijas iest\u0101de izvirza \u0161\u0101dus uzdevumus kvalit\u0101tes jom\u0101:<br \/>\n&#8211; atbilst\u012bba akredit\u0113to personu pras\u012bb\u0101m un pie\u0146emtajai kvalit\u0101tes vad\u012bbas sist\u0113mai;<br \/>\n&#8211; sasniegt augstu darba organiz\u0101cijas l\u012bmeni, sertific\u0113jot produktus;<br \/>\n&#8211; augstas kvalit\u0101tes sadarb\u012bba ar pretendentiem un cit\u0101m organiz\u0101cij\u0101m, klientu apmierin\u0101t\u012bbas anal\u012bze ar Sertifik\u0101cijas iest\u0101des darba kvalit\u0101ti;<br \/>\n&#8211; rea\u0123\u0113\u0161ana uz s\u016bdz\u012bb\u0101m;<br \/>\n&#8211; smaguma centra p\u0101rvieto\u0161ana, Lai nov\u0113rstu probl\u0113mas, nevis t\u0101s identific\u0113tu un nov\u0113rstu p\u0113c ra\u0161an\u0101s;<br \/>\n&#8211; neatkar\u012bbas garantija, riska anal\u012bze, lai nodro\u0161in\u0101tu objektivit\u0101ti darba laik\u0101;<br \/>\n&#8211; past\u0101v\u012bga sertifik\u0101cijas darb\u0101 iesaist\u012bt\u0101 person\u0101la kvalifik\u0101cijas cel\u0161ana;<br \/>\n&#8211; past\u0101v\u012bga kvalit\u0101tes vad\u012bbas sist\u0113mas uzlabo\u0161ana.<\/p>\n<p>Kvalit\u0101tes m\u0113r\u0137u un uzdevumu \u012bsteno\u0161anai sertifik\u0101cijas iest\u0101des vad\u012bt\u0101js uz\u0146emas \u0161\u0101das saist\u012bbas:<br \/>\n&#8211; stingri iev\u0113rot noteikt\u0101s pras\u012bbas akredit\u0113t\u0101m person\u0101m;<br \/>\n&#8211; veikt darb\u012bbu ne diskrimin\u0113jo\u0161\u0101 veid\u0101;<br \/>\n&#8211; izskaidrot visiem darbiniekiem m\u0113r\u0137us un uzdevumus, ar kuriem saskaras sertifik\u0101cijas iest\u0101de veikto atbilst\u012bbas apliecin\u0101\u0161anas darbu kvalit\u0101tes nodro\u0161in\u0101\u0161anas jom\u0101;<br \/>\n&#8211; veicin\u0101t past\u0101v\u012bgu person\u0101la kvalifik\u0101cijas cel\u0161anu, stingri vadoties p\u0113c profesion\u0101l\u0101s \u0113tikas;<br \/>\n&#8211; iepaz\u012bstin\u0101t visus iest\u0101des darbiniekus ar kvalit\u0101tes politiku, kvalit\u0101tes vad\u012bbu un citiem kvalit\u0101tes vad\u012bbas sist\u0113mas dokumentiem, vad\u012bt tos sav\u0101 darb\u012bb\u0101.<\/p>\n<p>Sertifik\u0101cijas iest\u0101des vad\u012bt\u0101js pieprasa katram darbiniekam iepaz\u012bties ar kvalit\u0101tes politiku, kvalit\u0101tes vad\u012bbu un citiem kvalit\u0101tes vad\u012bbas sist\u0113mas dokumentiem un vad\u012bt tos sav\u0101 darb\u012bb\u0101.<\/p>\n<p>Visu atbild\u012bbu par kvalit\u0101tes politikas \u012bsteno\u0161anu sev uzliek sertifik\u0101cijas iest\u0101des vad\u012bt\u0101js.[\/vc_column_text][\/vc_column][\/vc_row]<\/p>\n","protected":false},"excerpt":{"rendered":"<p>[vc_row][vc_column][vc_column_text]SIA &#8220;CE-Test&#8221; sertifik\u0101cijas iest\u0101des darb\u012bbas kvalit\u0101tes galvenais m\u0113r\u0137is ir akredit\u0101cijas jom\u0101 Iek\u013cauto produktu sertifik\u0101cija, pamatojoties uz veikto darbu augstas kvalit\u0101tes garantiju, kas nodro\u0161ina pie\u0146emto l\u0113mumu objektivit\u0101ti, ticam\u012bbu un objektivit\u0101ti, izv\u0113rt\u0113jot produktu atbilst\u012bbu deklar\u0113taj\u0101m pras\u012bb\u0101m. SIA &#8220;CE-Test&#8221; sertifik\u0101cijas iest\u0101des galvenie darb\u012bbas virzieni kvalit\u0101tes jom\u0101 ir: &#8211; pan\u0101kt ieinteres\u0113to personu ilgtsp\u0113j\u012bgu uztic\u0113\u0161anos, ka produkti atbilst noteiktaj\u0101m pras\u012bb\u0101m; [&hellip;]<\/p>\n","protected":false},"author":1,"featured_media":0,"parent":0,"menu_order":0,"comment_status":"closed","ping_status":"closed","template":"page-templates\/template-fullwidth.php","meta":{"footnotes":""},"class_list":["post-3202","page","type-page","status-publish","hentry"],"translation":{"provider":"WPGlobus","version":"3.0.0","language":"lv","enabled_languages":["en","lv","ru"],"languages":{"en":{"title":true,"content":true,"excerpt":false},"lv":{"title":true,"content":true,"excerpt":false},"ru":{"title":true,"content":true,"excerpt":false}}},"_links":{"self":[{"href":"https:\/\/ce-test.lv\/lv\/wp-json\/wp\/v2\/pages\/3202","targetHints":{"allow":["GET"]}}],"collection":[{"href":"https:\/\/ce-test.lv\/lv\/wp-json\/wp\/v2\/pages"}],"about":[{"href":"https:\/\/ce-test.lv\/lv\/wp-json\/wp\/v2\/types\/page"}],"author":[{"embeddable":true,"href":"https:\/\/ce-test.lv\/lv\/wp-json\/wp\/v2\/users\/1"}],"replies":[{"embeddable":true,"href":"https:\/\/ce-test.lv\/lv\/wp-json\/wp\/v2\/comments?post=3202"}],"version-history":[{"count":10,"href":"https:\/\/ce-test.lv\/lv\/wp-json\/wp\/v2\/pages\/3202\/revisions"}],"predecessor-version":[{"id":3843,"href":"https:\/\/ce-test.lv\/lv\/wp-json\/wp\/v2\/pages\/3202\/revisions\/3843"}],"wp:attachment":[{"href":"https:\/\/ce-test.lv\/lv\/wp-json\/wp\/v2\/media?parent=3202"}],"curies":[{"name":"wp","href":"https:\/\/api.w.org\/{rel}","templated":true}]}}