{"id":3215,"date":"2020-06-16T10:00:21","date_gmt":"2020-06-16T08:00:21","guid":{"rendered":"http:\/\/test.serconsrus.com\/?page_id=3215"},"modified":"2024-11-22T10:49:18","modified_gmt":"2024-11-22T08:49:18","slug":"politika-podderzhaniya-i-obespecheniya-bespristrastnosti","status":"publish","type":"page","link":"https:\/\/ce-test.lv\/lv\/politika-podderzhaniya-i-obespecheniya-bespristrastnosti\/","title":{"rendered":"Neietekm\u0113jam\u012bbas nodro\u0161in\u0101\u0161anas un uztur\u0113\u0161anas politika"},"content":{"rendered":"<p>[vc_row][vc_column][vc_column_text]SIA &#8220;CE-Test&#8221; sertifik\u0101cijas iest\u0101de garant\u0113 produktu sertifik\u0101cijas darbu veik\u0161anu objekt\u012bvi, ir atbild\u012bga par savas darb\u012bbas objektivit\u0101ti un nepie\u013cauj nek\u0101dus kompromit\u0113jo\u0161us komerci\u0101lus, finansi\u0101lus vai citus faktorus.<br \/>\nSIA &#8220;CE-Test&#8221; sertifik\u0101cijas iest\u0101de sav\u0101 darb\u0101 iev\u0113ro principus, kas nodro\u0161ina uztic\u012bbu tai, kas ietver:<br \/>\n&#8211; objektivit\u0101te;<br \/>\n&#8211; kompetence;<br \/>\n&#8211; atbild\u012bba;<br \/>\n&#8211; atv\u0113rt\u012bba;<br \/>\n&#8211; konfidencialit\u0101te;<br \/>\n&#8211; rea\u0123\u0113\u0161ana uz s\u016bdz\u012bb\u0101m.<\/p>\n<p>Sertifik\u0101cijas iest\u0101de ir neatkar\u012bga puse tehniski, finansi\u0101li un juridiski no klientiem vai cit\u0101m pus\u0113m, kuras interes\u0113jas par produktu sertifik\u0101cijas rezult\u0101tiem.<br \/>\nSertifik\u0101cijas process, k\u0101 ar\u012b dokumentu noform\u0113\u0161ana p\u0113c to rezult\u0101tiem tiek organiz\u0113ta t\u0101, lai izsl\u0113gtu iesp\u0113ju izdar\u012bt komerci\u0101lu, finansi\u0101lu, administrat\u012bvu vai jebk\u0101du citu spiedienu uz person\u0101lu, kas sp\u0113j ietekm\u0113t l\u0113mumu pie\u0146em\u0161anu, veicot sertifik\u0101cijas darbus.<br \/>\nOrganizatorisk\u0101 strukt\u016bra nodro\u0161ina funkciju izpildi k\u0101 sertifik\u0101cijas iest\u0101de. SI ir kompetentu speci\u0101listu person\u0101ls, kas \u013cauj veikt sertifik\u0101cijas darbus atbilsto\u0161i akredit\u0101cijas jomai.<br \/>\nIzsl\u0113gta iesp\u0113ja klientiem ietekm\u0113t \u0441\u043e\u0442\u0440\u0443\u0434\u043d\u0438\u043a\u043e\u0432 darbiniekus, lai main\u012btu sertifik\u0101cijas darbu rezult\u0101tus. Darbiniekam, kur\u0161 ir pak\u013cauts nelikum\u012bgam spiedienam, par to j\u0101zi\u0146o\u0441 vad\u012bt\u0101jam.<br \/>\nSertifik\u0101cijas l\u012bguma priek\u0161apmaksa sertifik\u0101cijas iest\u0101d\u0113 tiek uzskat\u012bta par vienu no darb\u012bbas neatkar\u012bbas un objektivit\u0101tes nodro\u0161in\u0101\u0161anas sist\u0113mas elementiem<br \/>\nNodro\u0161in\u0101juma un objektivit\u0101tes politika ir nov\u0113rst un samazin\u0101t iesp\u0113jamo draudu avotu.<br \/>\nVisp\u0101r\u0113jo sertifik\u0101cijas darbu vad\u012bbu, darba izpildes termi\u0146us, l\u0113mumu par sertific\u0113\u0161anu &#8230; \u012bsteno izpilddirektora iecelts &#8230; vad\u012bt\u0101js. SI darbinieki ir pak\u013cauti organiz\u0101cijas iek\u0161\u0113jiem organizatoriskajiem un administrat\u012bvajiem dokumentiem, kas regul\u0113 darba discipl\u012bnas jaut\u0101jumus, vad\u012bbas nor\u0101d\u012bjumus un r\u012bkojumus attiec\u012bb\u0101 uz organiz\u0101cijas saimniecisko un ra\u017eo\u0161anas darb\u012bbu.<br \/>\nObjektivit\u0101tes nodro\u0161in\u0101\u0161anas meh\u0101nisms ir objektivit\u0101tes komitejas darba organiz\u0113\u0161ana.<br \/>\nSI nav ofici\u0101ls p\u0101rst\u0101vis organiz\u0101cij\u0101s, kuras interes\u0113jas par sertifik\u0101cijas darbiem, k\u0101 ar\u012b nepied\u0101v\u0101 un nesniedz konsult\u0101ciju pakalpojumus pretendentiem.<br \/>\nSI nodro\u0161ina vienl\u012bdz\u012bgu piek\u013cuvi vis\u0101m ieinteres\u0113taj\u0101m person\u0101m sertifik\u0101cijas pakalpojumiem, tiek izsl\u0113gtas at\u0161\u0137ir\u012bbas finan\u0161u, procesu\u0101laj\u0101s vai cit\u0101s pras\u012bb\u0101s un apst\u0101k\u013cos.<br \/>\nSI atz\u012bst un izpilda visas ISO\/IEC 17065 noteikt\u0101s pras\u012bbas.<br \/>\nSertifik\u0101cijas iest\u0101des vad\u012bt\u0101js apzin\u0101s objektivit\u0101tes noz\u012bmi sertifik\u0101cijas iest\u0101des darb\u012bbas \u012bsteno\u0161an\u0101, ir piln\u012bb\u0101 atbild\u012bgs par \u0161\u012bs politikas \u012bsteno\u0161anu, ap\u0146emas neietekm\u0113t sertifik\u0101cijas iest\u0101des darb\u012bbas rezult\u0101tus un nodro\u0161in\u0101t sertifik\u0101cijas iest\u0101des darbu veik\u0161anas objektivit\u0101ti atbilsto\u0161i noteiktaj\u0101m pras\u012bb\u0101m.[\/vc_column_text][\/vc_column][\/vc_row]<\/p>\n","protected":false},"excerpt":{"rendered":"<p>[vc_row][vc_column][vc_column_text]SIA &#8220;CE-Test&#8221; sertifik\u0101cijas iest\u0101de garant\u0113 produktu sertifik\u0101cijas darbu veik\u0161anu objekt\u012bvi, ir atbild\u012bga par savas darb\u012bbas objektivit\u0101ti un nepie\u013cauj nek\u0101dus kompromit\u0113jo\u0161us komerci\u0101lus, finansi\u0101lus vai citus faktorus. SIA &#8220;CE-Test&#8221; sertifik\u0101cijas iest\u0101de sav\u0101 darb\u0101 iev\u0113ro principus, kas nodro\u0161ina uztic\u012bbu tai, kas ietver: &#8211; objektivit\u0101te; &#8211; kompetence; &#8211; atbild\u012bba; &#8211; atv\u0113rt\u012bba; &#8211; konfidencialit\u0101te; &#8211; rea\u0123\u0113\u0161ana uz s\u016bdz\u012bb\u0101m. Sertifik\u0101cijas iest\u0101de [&hellip;]<\/p>\n","protected":false},"author":1,"featured_media":0,"parent":0,"menu_order":0,"comment_status":"closed","ping_status":"closed","template":"page-templates\/template-fullwidth.php","meta":{"footnotes":""},"class_list":["post-3215","page","type-page","status-publish","hentry"],"translation":{"provider":"WPGlobus","version":"3.0.0","language":"lv","enabled_languages":["en","lv","ru"],"languages":{"en":{"title":true,"content":true,"excerpt":false},"lv":{"title":true,"content":true,"excerpt":false},"ru":{"title":true,"content":true,"excerpt":false}}},"_links":{"self":[{"href":"https:\/\/ce-test.lv\/lv\/wp-json\/wp\/v2\/pages\/3215","targetHints":{"allow":["GET"]}}],"collection":[{"href":"https:\/\/ce-test.lv\/lv\/wp-json\/wp\/v2\/pages"}],"about":[{"href":"https:\/\/ce-test.lv\/lv\/wp-json\/wp\/v2\/types\/page"}],"author":[{"embeddable":true,"href":"https:\/\/ce-test.lv\/lv\/wp-json\/wp\/v2\/users\/1"}],"replies":[{"embeddable":true,"href":"https:\/\/ce-test.lv\/lv\/wp-json\/wp\/v2\/comments?post=3215"}],"version-history":[{"count":15,"href":"https:\/\/ce-test.lv\/lv\/wp-json\/wp\/v2\/pages\/3215\/revisions"}],"predecessor-version":[{"id":3865,"href":"https:\/\/ce-test.lv\/lv\/wp-json\/wp\/v2\/pages\/3215\/revisions\/3865"}],"wp:attachment":[{"href":"https:\/\/ce-test.lv\/lv\/wp-json\/wp\/v2\/media?parent=3215"}],"curies":[{"name":"wp","href":"https:\/\/api.w.org\/{rel}","templated":true}]}}