{"id":3219,"date":"2020-06-16T10:02:27","date_gmt":"2020-06-16T08:02:27","guid":{"rendered":"http:\/\/test.serconsrus.com\/?page_id=3219"},"modified":"2024-01-19T08:27:21","modified_gmt":"2024-01-19T06:27:21","slug":"perechen-dokumentov-3","status":"publish","type":"page","link":"https:\/\/ce-test.lv\/lv\/perechen-dokumentov-3\/","title":{"rendered":"Dokumentu saraksts"},"content":{"rendered":"<p>[vc_row][vc_column][vc_column_text]Atbilst\u012bbas nov\u0113rt\u0113\u0161anas darbu veik\u0161an\u0101 izmantoto dokumentu saraksts:<\/p>\n<ul>\n<li>Direkt\u012bva 2014\/34\/ES Eiropas parlamenta un padomes no 26. febru\u0101ra 2014. gada par likumdo\u0161anas harmoniz\u0101cijas dal\u012bbvalst\u012bm, kuras iek\u0101rtas un aizsardz\u012bbas sist\u0113mas, kas paredz\u0113tas lieto\u0161anai potenci\u0101li b\u012bstam\u0101s vid\u0113s<\/li>\n<li>Rezol\u016bcija Ministru Kabineta \u2116 231 19 apr\u012blis 2016 &#8220;Noteikumi par iek\u0101rt\u0101m un aizsardz\u012bbas sist\u0113m\u0101m, kas paredz\u0113ti izmanto\u0161anai potenci\u0101li b\u012bstamos apst\u0101k\u013cos\u00bb<\/li>\n<li>Normat\u012bvie dokumenti, kas nosaka pras\u012bbas attiec\u012bb\u0101 uz produktiem un testa metodes<\/li>\n<li>Eiropas Parlamenta un Padomes Direkt\u012bva 2014\/68\/ES (2014. gada 15. maijs) par dal\u012bbvalstu ties\u012bbu aktu saska\u0146o\u0161anu attiec\u012bb\u0101 uz spiedieniek\u0101rtu pieejam\u012bbu tirg\u016b<\/li>\n<\/ul>\n<p>[\/vc_column_text][\/vc_column][\/vc_row]<\/p>\n","protected":false},"excerpt":{"rendered":"<p>[vc_row][vc_column][vc_column_text]Atbilst\u012bbas nov\u0113rt\u0113\u0161anas darbu veik\u0161an\u0101 izmantoto dokumentu saraksts: Direkt\u012bva 2014\/34\/ES Eiropas parlamenta un padomes no 26. febru\u0101ra 2014. gada par likumdo\u0161anas harmoniz\u0101cijas dal\u012bbvalst\u012bm, kuras iek\u0101rtas un aizsardz\u012bbas sist\u0113mas, kas paredz\u0113tas lieto\u0161anai potenci\u0101li b\u012bstam\u0101s vid\u0113s Rezol\u016bcija Ministru Kabineta \u2116 231 19 apr\u012blis 2016 &#8220;Noteikumi par iek\u0101rt\u0101m un aizsardz\u012bbas sist\u0113m\u0101m, kas paredz\u0113ti izmanto\u0161anai potenci\u0101li b\u012bstamos apst\u0101k\u013cos\u00bb Normat\u012bvie dokumenti, [&hellip;]<\/p>\n","protected":false},"author":1,"featured_media":0,"parent":0,"menu_order":0,"comment_status":"closed","ping_status":"closed","template":"page-templates\/template-fullwidth.php","meta":{"footnotes":""},"class_list":["post-3219","page","type-page","status-publish","hentry"],"translation":{"provider":"WPGlobus","version":"3.0.0","language":"lv","enabled_languages":["en","lv","ru"],"languages":{"en":{"title":true,"content":true,"excerpt":false},"lv":{"title":true,"content":true,"excerpt":false},"ru":{"title":true,"content":true,"excerpt":false}}},"_links":{"self":[{"href":"https:\/\/ce-test.lv\/lv\/wp-json\/wp\/v2\/pages\/3219","targetHints":{"allow":["GET"]}}],"collection":[{"href":"https:\/\/ce-test.lv\/lv\/wp-json\/wp\/v2\/pages"}],"about":[{"href":"https:\/\/ce-test.lv\/lv\/wp-json\/wp\/v2\/types\/page"}],"author":[{"embeddable":true,"href":"https:\/\/ce-test.lv\/lv\/wp-json\/wp\/v2\/users\/1"}],"replies":[{"embeddable":true,"href":"https:\/\/ce-test.lv\/lv\/wp-json\/wp\/v2\/comments?post=3219"}],"version-history":[{"count":11,"href":"https:\/\/ce-test.lv\/lv\/wp-json\/wp\/v2\/pages\/3219\/revisions"}],"predecessor-version":[{"id":3754,"href":"https:\/\/ce-test.lv\/lv\/wp-json\/wp\/v2\/pages\/3219\/revisions\/3754"}],"wp:attachment":[{"href":"https:\/\/ce-test.lv\/lv\/wp-json\/wp\/v2\/media?parent=3219"}],"curies":[{"name":"wp","href":"https:\/\/api.w.org\/{rel}","templated":true}]}}