{"id":3223,"date":"2020-06-16T10:09:53","date_gmt":"2020-06-16T08:09:53","guid":{"rendered":"http:\/\/test.serconsrus.com\/?page_id=3223"},"modified":"2024-01-26T13:50:56","modified_gmt":"2024-01-26T11:50:56","slug":"protsedura-otsenki","status":"publish","type":"page","link":"https:\/\/ce-test.lv\/lv\/protsedura-otsenki\/","title":{"rendered":"Sertifik\u0101cijas darbu veik\u0161anas k\u0101rt\u012bba"},"content":{"rendered":"<p>[vc_row][vc_column][vc_column_text]<\/p>\n<h2 class=\"ql-block\" data-block-id=\"block-ed6e2a8f-32af-48ae-a710-5bbefde247aa\">Sertifik\u0101cijas darbu veik\u0161anas k\u0101rt\u012bba ietver \u0161\u0101dus posmus:<\/h2>\n<div class=\"ql-block\" data-block-id=\"block-9993e1d0-3bef-4ba7-88ae-9b06a9ba9e9a\">&#8211; pieteik\u0161an\u0101s, tai skait\u0101 t\u0101s pie\u0146em\u0161ana un re\u0123istr\u0101cija;<\/div>\n<div class=\"ql-block\" data-block-id=\"block-d9c0426c-2c8f-4715-a741-4f30e458011a\">&#8211; pieteikuma izskat\u012b\u0161ana (l\u0113muma pie\u0146em\u0161ana par pieteikumu);<\/div>\n<div class=\"ql-block\" data-block-id=\"block-bec302ca-9b27-4be9-9960-0de3964ed295\">&#8211; v\u0113rt\u0113\u0161ana (dokument\u0101cijas anal\u012bze, testu veik\u0161ana, ra\u017eo\u0161anas audits);<\/div>\n<div class=\"ql-block\" data-block-id=\"block-79950e3c-b308-4279-8751-98cb20edf4dc\">&#8211; nov\u0113rt\u0113\u0161anas rezult\u0101tu anal\u012bze;<\/div>\n<div class=\"ql-block\" data-block-id=\"block-58ad1443-0dc5-4e08-b062-49618ffe7457\">&#8211; sertifik\u0101cijas l\u0113muma pie\u0146em\u0161ana;<\/div>\n<div class=\"ql-block\" data-block-id=\"block-b55c0617-44f9-471c-9be7-5d669fcbe2b3\">&#8211; produktu uzraudz\u012bbas veik\u0161ana (saska\u0146\u0101 ar izmantoto moduli).<\/div>\n<div class=\"ql-block\" data-block-id=\"block-56a683e2-fef2-4eca-ab3f-cf9f946acd7c\"><\/div>\n<div class=\"ql-block\" data-block-id=\"block-71453bd9-9f72-4241-b2d7-a9edb7fa7721\">Sertifik\u0101cijas iest\u0101de veic darb\u012bbas saska\u0146\u0101 ar ISO\/IEC 17065 pras\u012bb\u0101m.<\/div>\n<p>[\/vc_column_text][\/vc_column][\/vc_row][vc_row][vc_column][vc_column_text]<a href=\"https:\/\/ce-test.lv\/lv\/direktiva-2014-34-eu-atex\/\">T\u0101du iek\u0101rtu un aizsardz\u012bbas sist\u0113mu sertifik\u0101cija, kas paredz\u0113tas izmanto\u0161anai potenci\u0101li spr\u0101dzienb\u012bstam\u0101 vid\u0113<\/a><\/p>\n<p><a href=\"https:\/\/ce-test.lv\/lv\/direktiva-2014-68-es-oborudovanie-pod-davleniem\/\">Zem spiediena darbin\u0101mu iek\u0101rtu sertifik\u0101cija<\/a><\/p>\n<p><a href=\"https:\/\/ce-test.lv\/lv\/direktiva-2014-30-es-elektromagnitnaya-sovmestimost\/\">Elektroiek\u0101rtu sertifik\u0101cija elektromagn\u0113tisk\u0101s sader\u012bbas zi\u0146\u0101<\/a>[\/vc_column_text][\/vc_column][\/vc_row]<\/p>\n","protected":false},"excerpt":{"rendered":"<p>[vc_row][vc_column][vc_column_text] Sertifik\u0101cijas darbu veik\u0161anas k\u0101rt\u012bba ietver \u0161\u0101dus posmus: &#8211; pieteik\u0161an\u0101s, tai skait\u0101 t\u0101s pie\u0146em\u0161ana un re\u0123istr\u0101cija; &#8211; pieteikuma izskat\u012b\u0161ana (l\u0113muma pie\u0146em\u0161ana par pieteikumu); &#8211; v\u0113rt\u0113\u0161ana (dokument\u0101cijas anal\u012bze, testu veik\u0161ana, ra\u017eo\u0161anas audits); &#8211; nov\u0113rt\u0113\u0161anas rezult\u0101tu anal\u012bze; &#8211; sertifik\u0101cijas l\u0113muma pie\u0146em\u0161ana; &#8211; produktu uzraudz\u012bbas veik\u0161ana (saska\u0146\u0101 ar izmantoto moduli). Sertifik\u0101cijas iest\u0101de veic darb\u012bbas saska\u0146\u0101 ar ISO\/IEC 17065 [&hellip;]<\/p>\n","protected":false},"author":1,"featured_media":0,"parent":0,"menu_order":0,"comment_status":"closed","ping_status":"closed","template":"page-templates\/template-fullwidth.php","meta":{"footnotes":""},"class_list":["post-3223","page","type-page","status-publish","hentry"],"translation":{"provider":"WPGlobus","version":"3.0.0","language":"lv","enabled_languages":["en","lv","ru"],"languages":{"en":{"title":true,"content":true,"excerpt":false},"lv":{"title":true,"content":true,"excerpt":false},"ru":{"title":true,"content":true,"excerpt":false}}},"_links":{"self":[{"href":"https:\/\/ce-test.lv\/lv\/wp-json\/wp\/v2\/pages\/3223","targetHints":{"allow":["GET"]}}],"collection":[{"href":"https:\/\/ce-test.lv\/lv\/wp-json\/wp\/v2\/pages"}],"about":[{"href":"https:\/\/ce-test.lv\/lv\/wp-json\/wp\/v2\/types\/page"}],"author":[{"embeddable":true,"href":"https:\/\/ce-test.lv\/lv\/wp-json\/wp\/v2\/users\/1"}],"replies":[{"embeddable":true,"href":"https:\/\/ce-test.lv\/lv\/wp-json\/wp\/v2\/comments?post=3223"}],"version-history":[{"count":52,"href":"https:\/\/ce-test.lv\/lv\/wp-json\/wp\/v2\/pages\/3223\/revisions"}],"predecessor-version":[{"id":3791,"href":"https:\/\/ce-test.lv\/lv\/wp-json\/wp\/v2\/pages\/3223\/revisions\/3791"}],"wp:attachment":[{"href":"https:\/\/ce-test.lv\/lv\/wp-json\/wp\/v2\/media?parent=3223"}],"curies":[{"name":"wp","href":"https:\/\/api.w.org\/{rel}","templated":true}]}}