{"id":3257,"date":"2020-06-16T11:48:12","date_gmt":"2020-06-16T09:48:12","guid":{"rendered":"http:\/\/test.serconsrus.com\/?page_id=3257"},"modified":"2024-01-26T13:39:59","modified_gmt":"2024-01-26T11:39:59","slug":"prava-i-obyazannosti-zayaviteley","status":"publish","type":"page","link":"https:\/\/ce-test.lv\/lv\/prava-i-obyazannosti-zayaviteley\/","title":{"rendered":"Ties\u012bbas un pien\u0101kumi pretendentiem, kas saist\u012bti ar \u012bsteno\u0161anu, darbu sertifik\u0101cija"},"content":{"rendered":"<p>[vc_row][vc_column][vc_column_text]<\/p>\n<div class=\"ql-block\" data-block-id=\"block-acc7cfa7-9fc4-40da-af23-7cfc884fd0f2\"><strong>Pretendentam ir ties\u012bbas:<\/strong><\/div>\n<ul>\n<li>izv\u0113lieties sertifik\u0101cijas moduli;<\/li>\n<li>iesniegt s\u016bdz\u012bbas un apel\u0101cijas par sertifik\u0101cijas iest\u0101des r\u012bc\u012bbu un l\u0113mumiem;<\/li>\n<li>\u2022 b\u016bt inform\u0113tam par pieteikto produktu sertifik\u0101cijas darbu gaitu un rezult\u0101tiem.<\/li>\n<\/ul>\n<div class=\"ql-block\" data-block-id=\"block-78f9496c-789a-4e0f-af60-ea13ba6e6952\"><strong>Pretendentam ir pien\u0101kums:<\/strong><\/div>\n<ul>\n<li>iesniegt sertifik\u0101cijas iest\u0101dei inform\u0101ciju, dokumentus, pilnvaras, kas nepiecie\u0161amas, lai izpild\u012btu t\u0101s saist\u012bbas par produktu sertifik\u0101ciju;<\/li>\n<li>izpild\u012bt sertifik\u0101cijas Noteikumus un nosac\u012bjumus;<\/li>\n<li>nodro\u0161in\u0101t visu oblig\u0101to proced\u016bru izpildi, veicot sertifik\u0101ciju (nodro\u0161in\u0101t ekspertu piek\u013cuvi ra\u017eo\u0161anai rev\u012bzijai, produktu paraugu \u0146em\u0161anai test\u0113\u0161anai);<\/li>\n<li>nodro\u0161in\u0101t produktu r\u0101d\u012bt\u0101ju (raksturlielumu) stabilit\u0101ti, ko apliecina atbilst\u012bbas sertifik\u0101ts, normat\u012bvo dokumentu pras\u012bb\u0101m;<\/li>\n<li>laist apgroz\u012bb\u0101 sertific\u0113jamus produktus tikai p\u0113c sertifik\u0101cijas veik\u0161anas;<\/li>\n<li>nor\u0101d\u012bt pievienotaj\u0101 un\/vai darb\u012bbas dokument\u0101cij\u0101 inform\u0101ciju par sertifik\u0101tu;<\/li>\n<li>uzr\u0101d\u012bt pilnvarot\u0101m instit\u016bcij\u0101m, k\u0101 ar\u012b cit\u0101m ieinteres\u0113taj\u0101m person\u0101m dokumentus, kas apliecina produkta sertifik\u0101ciju noteiktaj\u0101m pras\u012bb\u0101m;<\/li>\n<li>aptur\u0113t vai p\u0101rtraukt produktu p\u0101rdo\u0161anu, ja sertifik\u0101ta der\u012bguma termi\u0146\u0161 ir beidzies vai to darb\u012bba ir aptur\u0113ta vai p\u0101rtraukta, vai p\u0113c Valsts kontroles (uzraudz\u012bbas)iest\u0101\u017eu piepras\u012bjuma;<\/li>\n<li>inform\u0113t sertifik\u0101cijas iest\u0101di par vis\u0101m izmai\u0146\u0101m, kas veiktas produktu ra\u017eo\u0161anas tehniskaj\u0101 dokument\u0101cij\u0101 vai tehnolo\u0123iskajos procesos, kuru atbilst\u012bba ir apstiprin\u0101ta, ja \u0161\u012bs izmai\u0146as ietekm\u0113 dro\u0161\u012bbas nodro\u0161in\u0101\u0161anu;<\/li>\n<li>veikt uzskaiti par vis\u0101m rekl\u0101m\u0101m (pretenzij\u0101m) par produktiem, kuriem veikta sertifik\u0101cijas proced\u016bra un par tiem rakstiski pazi\u0146ot sertifik\u0101cijas iest\u0101dei, veikt pas\u0101kumus saska\u0146\u0101 ar Sertifik\u0101cijas iest\u0101des l\u0113mumu identific\u0113t un noteikt b\u012bstamus produktus;<\/li>\n<li>apmaks\u0101t visas izmaksas, kas rodas no nepiecie\u0161am\u012bbas veikt testu veik\u0161anai izv\u0113l\u0113to produktu paraugu p\u0101rstr\u0101di.<\/li>\n<\/ul>\n<p>[\/vc_column_text][\/vc_column][\/vc_row]<\/p>\n","protected":false},"excerpt":{"rendered":"<p>[vc_row][vc_column][vc_column_text] Pretendentam ir ties\u012bbas: izv\u0113lieties sertifik\u0101cijas moduli; iesniegt s\u016bdz\u012bbas un apel\u0101cijas par sertifik\u0101cijas iest\u0101des r\u012bc\u012bbu un l\u0113mumiem; \u2022 b\u016bt inform\u0113tam par pieteikto produktu sertifik\u0101cijas darbu gaitu un rezult\u0101tiem. Pretendentam ir pien\u0101kums: iesniegt sertifik\u0101cijas iest\u0101dei inform\u0101ciju, dokumentus, pilnvaras, kas nepiecie\u0161amas, lai izpild\u012btu t\u0101s saist\u012bbas par produktu sertifik\u0101ciju; izpild\u012bt sertifik\u0101cijas Noteikumus un nosac\u012bjumus; nodro\u0161in\u0101t visu oblig\u0101to proced\u016bru [&hellip;]<\/p>\n","protected":false},"author":1,"featured_media":0,"parent":0,"menu_order":0,"comment_status":"closed","ping_status":"closed","template":"page-templates\/template-fullwidth.php","meta":{"footnotes":""},"class_list":["post-3257","page","type-page","status-publish","hentry"],"translation":{"provider":"WPGlobus","version":"3.0.0","language":"lv","enabled_languages":["en","lv","ru"],"languages":{"en":{"title":true,"content":true,"excerpt":false},"lv":{"title":true,"content":true,"excerpt":false},"ru":{"title":true,"content":true,"excerpt":false}}},"_links":{"self":[{"href":"https:\/\/ce-test.lv\/lv\/wp-json\/wp\/v2\/pages\/3257","targetHints":{"allow":["GET"]}}],"collection":[{"href":"https:\/\/ce-test.lv\/lv\/wp-json\/wp\/v2\/pages"}],"about":[{"href":"https:\/\/ce-test.lv\/lv\/wp-json\/wp\/v2\/types\/page"}],"author":[{"embeddable":true,"href":"https:\/\/ce-test.lv\/lv\/wp-json\/wp\/v2\/users\/1"}],"replies":[{"embeddable":true,"href":"https:\/\/ce-test.lv\/lv\/wp-json\/wp\/v2\/comments?post=3257"}],"version-history":[{"count":7,"href":"https:\/\/ce-test.lv\/lv\/wp-json\/wp\/v2\/pages\/3257\/revisions"}],"predecessor-version":[{"id":3789,"href":"https:\/\/ce-test.lv\/lv\/wp-json\/wp\/v2\/pages\/3257\/revisions\/3789"}],"wp:attachment":[{"href":"https:\/\/ce-test.lv\/lv\/wp-json\/wp\/v2\/media?parent=3257"}],"curies":[{"name":"wp","href":"https:\/\/api.w.org\/{rel}","templated":true}]}}