{"id":3267,"date":"2020-06-16T12:03:29","date_gmt":"2020-06-16T10:03:29","guid":{"rendered":"http:\/\/test.serconsrus.com\/?page_id=3267"},"modified":"2024-01-19T09:32:01","modified_gmt":"2024-01-19T07:32:01","slug":"metodika-raschyeta-stoimosti-uslug-po-sertifikatsii","status":"publish","type":"page","link":"https:\/\/ce-test.lv\/lv\/metodika-raschyeta-stoimosti-uslug-po-sertifikatsii\/","title":{"rendered":"Apr\u0113\u0137in\u0101\u0161anas metodika izmaksu sertifik\u0101cijas pakalpojumu"},"content":{"rendered":"<p>[vc_row][vc_column][vc_column_text]To veidu apraksts, ar kuriem sertifik\u0101cijas iest\u0101de sa\u0146em finansi\u0101lu atbalstu, inform\u0101cija par maksu un darba izmaksu apr\u0113\u0137in\u0101\u0161anas metodika tiek nos\u016bt\u012bta p\u0113c piepras\u012bjuma.[\/vc_column_text][\/vc_column][\/vc_row]<\/p>\n","protected":false},"excerpt":{"rendered":"<p>[vc_row][vc_column][vc_column_text]To veidu apraksts, ar kuriem sertifik\u0101cijas iest\u0101de sa\u0146em finansi\u0101lu atbalstu, inform\u0101cija par maksu un darba izmaksu apr\u0113\u0137in\u0101\u0161anas metodika tiek nos\u016bt\u012bta p\u0113c piepras\u012bjuma.[\/vc_column_text][\/vc_column][\/vc_row]<\/p>\n","protected":false},"author":1,"featured_media":0,"parent":0,"menu_order":0,"comment_status":"closed","ping_status":"closed","template":"page-templates\/template-fullwidth.php","meta":{"footnotes":""},"class_list":["post-3267","page","type-page","status-publish","hentry"],"translation":{"provider":"WPGlobus","version":"3.0.0","language":"lv","enabled_languages":["en","lv","ru"],"languages":{"en":{"title":true,"content":true,"excerpt":false},"lv":{"title":true,"content":true,"excerpt":false},"ru":{"title":true,"content":true,"excerpt":false}}},"_links":{"self":[{"href":"https:\/\/ce-test.lv\/lv\/wp-json\/wp\/v2\/pages\/3267","targetHints":{"allow":["GET"]}}],"collection":[{"href":"https:\/\/ce-test.lv\/lv\/wp-json\/wp\/v2\/pages"}],"about":[{"href":"https:\/\/ce-test.lv\/lv\/wp-json\/wp\/v2\/types\/page"}],"author":[{"embeddable":true,"href":"https:\/\/ce-test.lv\/lv\/wp-json\/wp\/v2\/users\/1"}],"replies":[{"embeddable":true,"href":"https:\/\/ce-test.lv\/lv\/wp-json\/wp\/v2\/comments?post=3267"}],"version-history":[{"count":10,"href":"https:\/\/ce-test.lv\/lv\/wp-json\/wp\/v2\/pages\/3267\/revisions"}],"predecessor-version":[{"id":3766,"href":"https:\/\/ce-test.lv\/lv\/wp-json\/wp\/v2\/pages\/3267\/revisions\/3766"}],"wp:attachment":[{"href":"https:\/\/ce-test.lv\/lv\/wp-json\/wp\/v2\/media?parent=3267"}],"curies":[{"name":"wp","href":"https:\/\/api.w.org\/{rel}","templated":true}]}}