{"id":3277,"date":"2020-06-16T12:26:33","date_gmt":"2020-06-16T10:26:33","guid":{"rendered":"http:\/\/test.serconsrus.com\/?page_id=3277"},"modified":"2024-11-22T16:40:00","modified_gmt":"2024-11-22T14:40:00","slug":"protsedura-rassmotreniya-zhalob-i-apellyatsiy","status":"publish","type":"page","link":"https:\/\/ce-test.lv\/lv\/protsedura-rassmotreniya-zhalob-i-apellyatsiy\/","title":{"rendered":"NOTEIKUMI PAR S\u016aDZ\u012aBU UN APEL\u0100CIJU IZSKAT\u012a\u0160ANU"},"content":{"rendered":"<p>[vc_row][vc_column][vc_column_text]<\/p>\n<div class=\"ql-block\" data-block-id=\"block-382dc10a-fd15-48aa-b675-2e13117b6bd0\">Jebkura persona vai organiz\u0101cija var iesniegt s\u016bdz\u012bbu, pau\u017eot neapmierin\u0101t\u012bbu ar Sertifik\u0101cijas iest\u0101des darb\u012bbu.<\/div>\n<div class=\"ql-block\" data-block-id=\"block-f48a0a05-baac-454a-af04-8463269ffb4c\">Personu vai organiz\u0101ciju, kas ir klients vai t\u0101s sertifik\u0101cijas pakalpojumu p\u0101rst\u0101vis, var p\u0101rs\u016bdz\u0113t sertifik\u0101cijas iest\u0101des pie\u0146emtos l\u0113mumus par sertifik\u0101cijas objektiem.<\/div>\n<div class=\"ql-block\" data-block-id=\"block-66610471-f778-4a28-b6ac-0fd9c732b3bb\">S\u016bdz\u012bbu\/apel\u0101ciju iesniedz pa pastu \/ uz e-pastu rakstiski sertifik\u0101cijas iest\u0101dei.<\/div>\n<div class=\"ql-block\" data-block-id=\"block-8f383307-375e-4252-9644-4a52c2501633\">S\u016bdz\u012bbai\/apel\u0101cijai var pievienot dokumentus, kas to pamato, vai to kopijas.<\/div>\n<div class=\"ql-block\" data-block-id=\"block-529b5a21-581a-468b-8855-05b06ff6d920\">Sertifik\u0101cijas iest\u0101de pie\u0146em s\u016bdz\u012bbu\/apel\u0101ciju un pazi\u0146o iesniedz\u0113jam par t\u0101s pie\u0146em\u0161anu jebkur\u0101 \u0113rt\u0101 veid\u0101.<\/div>\n<div class=\"ql-block\" data-block-id=\"block-3240ac50-9e09-4298-af37-f6accc32f087\">Sa\u0146emot s\u016bdz\u012bbu\/apel\u0101ciju, sertifik\u0101cijas iest\u0101dei ir j\u0101apstiprina, Vai \u0161\u012b s\u016bdz\u012bba attiecas uz sertifik\u0101cijas iest\u0101des darb\u012bbu, par kuru t\u0101 ir atbild\u012bga, un, ja t\u0101, tad t\u0101 tiek izskat\u012bta.<\/div>\n<div class=\"ql-block\" data-block-id=\"block-73b69d44-dbff-4b85-b5df-cfe4578b0ba3\">Sertifik\u0101cijas iest\u0101dei ir ties\u012bbas noraid\u012bt s\u016bdz\u012bbu \/ apel\u0101ciju, paskaidrojot atteikuma iemeslu.<\/div>\n<div class=\"ql-block\" data-block-id=\"block-8d9a248d-4834-45ea-9b08-681e843c2be7\">Gal\u012bgais l\u0113mums par s\u016bdz\u012bbu\/apel\u0101ciju tiek pie\u0146emts ne v\u0113l\u0101k k\u0101 30 kalend\u0101r\u0101s dienas no dienas, kad t\u0101 tika uz\u0146emta sertifik\u0101cijas iest\u0101d\u0113.<\/div>\n<div class=\"ql-block\" data-block-id=\"block-3d6062c3-1b79-47c4-8b07-3d0a08bd71c0\">S\u016bdz\u012bbas\/apel\u0101cijas darba rezult\u0101ts ir radu\u0161\u0101s probl\u0113mas risin\u0101jums vai motiv\u0113ts noraid\u012bjums.<\/div>\n<div class=\"ql-block\" data-block-id=\"block-dfbb088e-5cad-450e-9144-f4203534e33d\">L\u0113mums par s\u016bdz\u012bbu\/apel\u0101ciju tiek nos\u016bt\u012bts s\u016bdz\u012bbas iesniedz\u0113jam \/ apel\u0101cijai.<\/div>\n<div class=\"ql-block\" data-block-id=\"block-1df9f370-bca0-40d7-8f75-f151ed5fd1ad\">Sertifik\u0101cijas iest\u0101de nodro\u0161ina, ka tiek veiktas visas attiec\u012bg\u0101s darb\u012bbas saist\u012bb\u0101 ar s\u016bdz\u012bbas\/apel\u0101cijas rezult\u0101tiem.<\/div>\n<p>[\/vc_column_text][\/vc_column][\/vc_row]<\/p>\n","protected":false},"excerpt":{"rendered":"<p>[vc_row][vc_column][vc_column_text] Jebkura persona vai organiz\u0101cija var iesniegt s\u016bdz\u012bbu, pau\u017eot neapmierin\u0101t\u012bbu ar Sertifik\u0101cijas iest\u0101des darb\u012bbu. Personu vai organiz\u0101ciju, kas ir klients vai t\u0101s sertifik\u0101cijas pakalpojumu p\u0101rst\u0101vis, var p\u0101rs\u016bdz\u0113t sertifik\u0101cijas iest\u0101des pie\u0146emtos l\u0113mumus par sertifik\u0101cijas objektiem. S\u016bdz\u012bbu\/apel\u0101ciju iesniedz pa pastu \/ uz e-pastu rakstiski sertifik\u0101cijas iest\u0101dei. S\u016bdz\u012bbai\/apel\u0101cijai var pievienot dokumentus, kas to pamato, vai to kopijas. Sertifik\u0101cijas [&hellip;]<\/p>\n","protected":false},"author":1,"featured_media":0,"parent":0,"menu_order":0,"comment_status":"closed","ping_status":"closed","template":"page-templates\/template-fullwidth.php","meta":{"footnotes":""},"class_list":["post-3277","page","type-page","status-publish","hentry"],"translation":{"provider":"WPGlobus","version":"3.0.0","language":"lv","enabled_languages":["en","lv","ru"],"languages":{"en":{"title":true,"content":true,"excerpt":false},"lv":{"title":true,"content":true,"excerpt":false},"ru":{"title":true,"content":true,"excerpt":false}}},"_links":{"self":[{"href":"https:\/\/ce-test.lv\/lv\/wp-json\/wp\/v2\/pages\/3277","targetHints":{"allow":["GET"]}}],"collection":[{"href":"https:\/\/ce-test.lv\/lv\/wp-json\/wp\/v2\/pages"}],"about":[{"href":"https:\/\/ce-test.lv\/lv\/wp-json\/wp\/v2\/types\/page"}],"author":[{"embeddable":true,"href":"https:\/\/ce-test.lv\/lv\/wp-json\/wp\/v2\/users\/1"}],"replies":[{"embeddable":true,"href":"https:\/\/ce-test.lv\/lv\/wp-json\/wp\/v2\/comments?post=3277"}],"version-history":[{"count":9,"href":"https:\/\/ce-test.lv\/lv\/wp-json\/wp\/v2\/pages\/3277\/revisions"}],"predecessor-version":[{"id":3866,"href":"https:\/\/ce-test.lv\/lv\/wp-json\/wp\/v2\/pages\/3277\/revisions\/3866"}],"wp:attachment":[{"href":"https:\/\/ce-test.lv\/lv\/wp-json\/wp\/v2\/media?parent=3277"}],"curies":[{"name":"wp","href":"https:\/\/api.w.org\/{rel}","templated":true}]}}