{"id":3290,"date":"2020-06-16T12:31:22","date_gmt":"2020-06-16T10:31:22","guid":{"rendered":"http:\/\/test.serconsrus.com\/?page_id=3290"},"modified":"2024-11-18T09:51:27","modified_gmt":"2024-11-18T07:51:27","slug":"partner","status":"publish","type":"page","link":"https:\/\/ce-test.lv\/lv\/partner\/","title":{"rendered":"Partneris"},"content":{"rendered":"<p>[vc_row][vc_column][vc_column_text]<\/p>\n<h2>PROMMASH TEST LTD, RA.RU.21\u0412\u042105<\/h2>\n<p>[\/vc_column_text][vc_column_text]<\/p>\n<h2>TECHNICK\u00dd SK\u00da\u0160OBN\u00dd \u00daSTAV PIE\u0160\u0164ANY, \u0160.P, NB 1299<\/h2>\n<p>[\/vc_column_text][vc_column_text]<\/p>\n<h2>Karandikar Laboratories Pvt. Ltd., TC-6311<\/h2>\n<p>[\/vc_column_text][vc_column_text]<\/p>\n<h2>I.T.L. PRODUCT TESTING LTD., 1152.01<\/h2>\n<p>[\/vc_column_text][\/vc_column][\/vc_row]<\/p>\n","protected":false},"excerpt":{"rendered":"<p>[vc_row][vc_column][vc_column_text] PROMMASH TEST LTD, RA.RU.21\u0412\u042105 [\/vc_column_text][vc_column_text] TECHNICK\u00dd SK\u00da\u0160OBN\u00dd \u00daSTAV PIE\u0160\u0164ANY, \u0160.P, NB 1299 [\/vc_column_text][vc_column_text] Karandikar Laboratories Pvt. Ltd., TC-6311 [\/vc_column_text][vc_column_text] I.T.L. PRODUCT TESTING LTD., 1152.01 [\/vc_column_text][\/vc_column][\/vc_row]<\/p>\n","protected":false},"author":1,"featured_media":0,"parent":0,"menu_order":0,"comment_status":"closed","ping_status":"closed","template":"page-templates\/template-fullwidth.php","meta":{"footnotes":""},"class_list":["post-3290","page","type-page","status-publish","hentry"],"translation":{"provider":"WPGlobus","version":"3.0.0","language":"lv","enabled_languages":["en","lv","ru"],"languages":{"en":{"title":true,"content":true,"excerpt":false},"lv":{"title":true,"content":true,"excerpt":false},"ru":{"title":true,"content":true,"excerpt":false}}},"_links":{"self":[{"href":"https:\/\/ce-test.lv\/lv\/wp-json\/wp\/v2\/pages\/3290","targetHints":{"allow":["GET"]}}],"collection":[{"href":"https:\/\/ce-test.lv\/lv\/wp-json\/wp\/v2\/pages"}],"about":[{"href":"https:\/\/ce-test.lv\/lv\/wp-json\/wp\/v2\/types\/page"}],"author":[{"embeddable":true,"href":"https:\/\/ce-test.lv\/lv\/wp-json\/wp\/v2\/users\/1"}],"replies":[{"embeddable":true,"href":"https:\/\/ce-test.lv\/lv\/wp-json\/wp\/v2\/comments?post=3290"}],"version-history":[{"count":28,"href":"https:\/\/ce-test.lv\/lv\/wp-json\/wp\/v2\/pages\/3290\/revisions"}],"predecessor-version":[{"id":3839,"href":"https:\/\/ce-test.lv\/lv\/wp-json\/wp\/v2\/pages\/3290\/revisions\/3839"}],"wp:attachment":[{"href":"https:\/\/ce-test.lv\/lv\/wp-json\/wp\/v2\/media?parent=3290"}],"curies":[{"name":"wp","href":"https:\/\/api.w.org\/{rel}","templated":true}]}}