{"id":3298,"date":"2020-06-16T12:34:51","date_gmt":"2020-06-16T10:34:51","guid":{"rendered":"http:\/\/test.serconsrus.com\/?page_id=3298"},"modified":"2020-06-16T16:15:52","modified_gmt":"2020-06-16T14:15:52","slug":"informatsiya-uchastnikam-rynka","status":"publish","type":"page","link":"https:\/\/ce-test.lv\/lv\/informatsiya-uchastnikam-rynka\/","title":{"rendered":"Inform\u0101cija tirgus dal\u012bbniekiem"},"content":{"rendered":"<p>[vc_row][vc_column][vc_column_text]<\/p>\n<div id=\"main\">\n<div class=\"inner\">\n<section>Pirms iera\u0161an\u0101s uz biroju, l\u016bdzu, sazinieties ar mums, \u0146emot v\u0113r\u0101 to, ka da\u017ei speci\u0101listi str\u0101d\u0101 att\u0101lin\u0101ti<\/section>\n<\/div>\n<\/div>\n<div id=\"sidebar\">\n<div class=\"inner\"><\/div>\n<\/div>\n<p>[\/vc_column_text][\/vc_column][\/vc_row]<\/p>\n","protected":false},"excerpt":{"rendered":"<p>[vc_row][vc_column][vc_column_text] Pirms iera\u0161an\u0101s uz biroju, l\u016bdzu, sazinieties ar mums, \u0146emot v\u0113r\u0101 to, ka da\u017ei speci\u0101listi str\u0101d\u0101 att\u0101lin\u0101ti [\/vc_column_text][\/vc_column][\/vc_row]<\/p>\n","protected":false},"author":1,"featured_media":0,"parent":0,"menu_order":0,"comment_status":"closed","ping_status":"closed","template":"page-templates\/template-fullwidth.php","meta":{"footnotes":""},"class_list":["post-3298","page","type-page","status-publish","hentry"],"translation":{"provider":"WPGlobus","version":"3.0.0","language":"lv","enabled_languages":["en","lv","ru"],"languages":{"en":{"title":true,"content":true,"excerpt":false},"lv":{"title":true,"content":true,"excerpt":false},"ru":{"title":true,"content":true,"excerpt":false}}},"_links":{"self":[{"href":"https:\/\/ce-test.lv\/lv\/wp-json\/wp\/v2\/pages\/3298","targetHints":{"allow":["GET"]}}],"collection":[{"href":"https:\/\/ce-test.lv\/lv\/wp-json\/wp\/v2\/pages"}],"about":[{"href":"https:\/\/ce-test.lv\/lv\/wp-json\/wp\/v2\/types\/page"}],"author":[{"embeddable":true,"href":"https:\/\/ce-test.lv\/lv\/wp-json\/wp\/v2\/users\/1"}],"replies":[{"embeddable":true,"href":"https:\/\/ce-test.lv\/lv\/wp-json\/wp\/v2\/comments?post=3298"}],"version-history":[{"count":7,"href":"https:\/\/ce-test.lv\/lv\/wp-json\/wp\/v2\/pages\/3298\/revisions"}],"predecessor-version":[{"id":3371,"href":"https:\/\/ce-test.lv\/lv\/wp-json\/wp\/v2\/pages\/3298\/revisions\/3371"}],"wp:attachment":[{"href":"https:\/\/ce-test.lv\/lv\/wp-json\/wp\/v2\/media?parent=3298"}],"curies":[{"name":"wp","href":"https:\/\/api.w.org\/{rel}","templated":true}]}}