{"id":3321,"date":"2020-06-16T13:35:23","date_gmt":"2020-06-16T11:35:23","guid":{"rendered":"http:\/\/test.serconsrus.com\/?page_id=3321"},"modified":"2022-07-20T13:20:11","modified_gmt":"2022-07-20T11:20:11","slug":"contacts","status":"publish","type":"page","link":"https:\/\/ce-test.lv\/lv\/contacts\/","title":{"rendered":"Contact"},"content":{"rendered":"<p>[vc_row css=&#8221;.vc_custom_1592307433146{margin-bottom: 0px !important;border-bottom-width: 0px !important;padding-bottom: 0px !important;}&#8221;][vc_column width=&#8221;1\/3&#8243;][vc_column_text]SIA &#8220;CE-Test&#8221; Certification Authority<\/p>\n<ul>\n<li><strong>Address:<\/strong>\u00a0D\u0113\u013cu Iela 4, Riga<\/li>\n<li><strong>Phone:<\/strong> <a href=\"tel:+37167651177\">+37120528440<\/a><\/li>\n<li><strong>Phone:<\/strong> <a href=\"tel:+37124780543\">+37124780543<\/a><\/li>\n<li><strong>Email:<\/strong>\u00a0<a href=\"mailto:info@ce-test.lv\">info@ce-test.lv<\/a><\/li>\n<\/ul>\n<h3>Vad\u012bbas strukt\u016bru sast\u0101vs:<\/h3>\n<ul>\n<li><strong>Sertifik\u0101cijas iest\u0101des vad\u012bt\u0101js:<\/strong> PAVLO KHORUNZHYY<\/li>\n<\/ul>\n<p>[\/vc_column_text][\/vc_column][vc_column width=&#8221;1\/3&#8243;][vc_single_image image=&#8221;3407&#8243; img_size=&#8221;medium&#8221; alignment=&#8221;right&#8221;][\/vc_column][vc_column width=&#8221;1\/3&#8243;][vc_single_image image=&#8221;3406&#8243; img_size=&#8221;medium&#8221;][\/vc_column][\/vc_row][vc_row][vc_column][vc_raw_html]JTNDaWZyYW1lJTIwc3JjJTNEJTIyaHR0cHMlM0ElMkYlMkZ3d3cuZ29vZ2xlLmNvbSUyRm1hcHMlMkZlbWJlZCUzRnBiJTNEJTIxMW0xOCUyMTFtMTIlMjExbTMlMjExZDEyMzEzLjkwNDQ5NDAxMDc2MSUyMTJkMjQuMDc3MjI1ODY3MDU4MTglMjEzZDU2LjkzNDg5OTUzNjA1NTA2JTIxMm0zJTIxMWYwJTIxMmYwJTIxM2YwJTIxM20yJTIxMWkxMDI0JTIxMmk3NjglMjE0ZjEzLjElMjEzbTMlMjExbTIlMjExczB4NDZlZWQwMmRkYTc1ODNlNSUyNTNBMHgzMjJmZjMwYTI0NGMyNzcwJTIxMnpSTVNUeEx4MUlHbGxiR0VnTkN3Z1dtVnRaMkZzWlhNZ2NISnBaV3ZGb1hCcGJIUEVrM1JoTENCU3hLdG5ZU3dnVEZZdE1UQXdOQ3dnMEp2UXNOR0MwTExRdU5HUCUyMTVlMCUyMTNtMiUyMTFzcnUlMjEyc3J1JTIxNHYxNTkyMzA3MzAzODc4JTIxNW0yJTIxMXNydSUyMTJzcnUlMjIlMjB3aWR0aCUzRCUyMjEwMCUyNSUyMiUyMGhlaWdodCUzRCUyMjQ1MCUyMiUyMGZyYW1lYm9yZGVyJTNEJTIyMCUyMiUyMHN0eWxlJTNEJTIyYm9yZGVyJTNBMCUzQiUyMiUyMGFsbG93ZnVsbHNjcmVlbiUzRCUyMiUyMiUyMGFyaWEtaGlkZGVuJTNEJTIyZmFsc2UlMjIlMjB0YWJpbmRleCUzRCUyMjAlMjIlM0UlM0MlMkZpZnJhbWUlM0U=[\/vc_raw_html][\/vc_column][\/vc_row]<\/p>\n","protected":false},"excerpt":{"rendered":"<p>[vc_row css=&#8221;.vc_custom_1592307433146{margin-bottom: 0px !important;border-bottom-width: 0px !important;padding-bottom: 0px !important;}&#8221;][vc_column width=&#8221;1\/3&#8243;][vc_column_text]SIA &#8220;CE-Test&#8221; Certification Authority Address:\u00a0D\u0113\u013cu Iela 4, Riga Phone: +37120528440 Phone: +37124780543 Email:\u00a0info@ce-test.lv Vad\u012bbas strukt\u016bru sast\u0101vs: Sertifik\u0101cijas iest\u0101des vad\u012bt\u0101js: PAVLO KHORUNZHYY [\/vc_column_text][\/vc_column][vc_column width=&#8221;1\/3&#8243;][vc_single_image image=&#8221;3407&#8243; img_size=&#8221;medium&#8221; alignment=&#8221;right&#8221;][\/vc_column][vc_column width=&#8221;1\/3&#8243;][vc_single_image image=&#8221;3406&#8243; img_size=&#8221;medium&#8221;][\/vc_column][\/vc_row][vc_row][vc_column][vc_raw_html]JTNDaWZyYW1lJTIwc3JjJTNEJTIyaHR0cHMlM0ElMkYlMkZ3d3cuZ29vZ2xlLmNvbSUyRm1hcHMlMkZlbWJlZCUzRnBiJTNEJTIxMW0xOCUyMTFtMTIlMjExbTMlMjExZDEyMzEzLjkwNDQ5NDAxMDc2MSUyMTJkMjQuMDc3MjI1ODY3MDU4MTglMjEzZDU2LjkzNDg5OTUzNjA1NTA2JTIxMm0zJTIxMWYwJTIxMmYwJTIxM2YwJTIxM20yJTIxMWkxMDI0JTIxMmk3NjglMjE0ZjEzLjElMjEzbTMlMjExbTIlMjExczB4NDZlZWQwMmRkYTc1ODNlNSUyNTNBMHgzMjJmZjMwYTI0NGMyNzcwJTIxMnpSTVNUeEx4MUlHbGxiR0VnTkN3Z1dtVnRaMkZzWlhNZ2NISnBaV3ZGb1hCcGJIUEVrM1JoTENCU3hLdG5ZU3dnVEZZdE1UQXdOQ3dnMEp2UXNOR0MwTExRdU5HUCUyMTVlMCUyMTNtMiUyMTFzcnUlMjEyc3J1JTIxNHYxNTkyMzA3MzAzODc4JTIxNW0yJTIxMXNydSUyMTJzcnUlMjIlMjB3aWR0aCUzRCUyMjEwMCUyNSUyMiUyMGhlaWdodCUzRCUyMjQ1MCUyMiUyMGZyYW1lYm9yZGVyJTNEJTIyMCUyMiUyMHN0eWxlJTNEJTIyYm9yZGVyJTNBMCUzQiUyMiUyMGFsbG93ZnVsbHNjcmVlbiUzRCUyMiUyMiUyMGFyaWEtaGlkZGVuJTNEJTIyZmFsc2UlMjIlMjB0YWJpbmRleCUzRCUyMjAlMjIlM0UlM0MlMkZpZnJhbWUlM0U=[\/vc_raw_html][\/vc_column][\/vc_row]<\/p>\n","protected":false},"author":1,"featured_media":0,"parent":0,"menu_order":0,"comment_status":"closed","ping_status":"closed","template":"page-templates\/template-fullwidth.php","meta":{"footnotes":""},"class_list":["post-3321","page","type-page","status-publish","hentry"],"translation":{"provider":"WPGlobus","version":"3.0.0","language":"lv","enabled_languages":["en","lv","ru"],"languages":{"en":{"title":true,"content":true,"excerpt":false},"lv":{"title":true,"content":true,"excerpt":false},"ru":{"title":true,"content":true,"excerpt":false}}},"_links":{"self":[{"href":"https:\/\/ce-test.lv\/lv\/wp-json\/wp\/v2\/pages\/3321","targetHints":{"allow":["GET"]}}],"collection":[{"href":"https:\/\/ce-test.lv\/lv\/wp-json\/wp\/v2\/pages"}],"about":[{"href":"https:\/\/ce-test.lv\/lv\/wp-json\/wp\/v2\/types\/page"}],"author":[{"embeddable":true,"href":"https:\/\/ce-test.lv\/lv\/wp-json\/wp\/v2\/users\/1"}],"replies":[{"embeddable":true,"href":"https:\/\/ce-test.lv\/lv\/wp-json\/wp\/v2\/comments?post=3321"}],"version-history":[{"count":70,"href":"https:\/\/ce-test.lv\/lv\/wp-json\/wp\/v2\/pages\/3321\/revisions"}],"predecessor-version":[{"id":3536,"href":"https:\/\/ce-test.lv\/lv\/wp-json\/wp\/v2\/pages\/3321\/revisions\/3536"}],"wp:attachment":[{"href":"https:\/\/ce-test.lv\/lv\/wp-json\/wp\/v2\/media?parent=3321"}],"curies":[{"name":"wp","href":"https:\/\/api.w.org\/{rel}","templated":true}]}}