{"id":3449,"date":"2020-06-25T12:34:44","date_gmt":"2020-06-25T10:34:44","guid":{"rendered":"http:\/\/test.serconsrus.com\/?page_id=3449"},"modified":"2020-06-25T14:32:20","modified_gmt":"2020-06-25T12:32:20","slug":"atex-equipment-and-protective-systems-intended-for-use-in-potentially-explosive-atmospheres","status":"publish","type":"page","link":"https:\/\/ce-test.lv\/lv\/atex-equipment-and-protective-systems-intended-for-use-in-potentially-explosive-atmospheres\/","title":{"rendered":"Spr\u0101dzienb\u012bstam\u0101 vid\u0113 lietojamo iek\u0101rtu un aizsargsist\u0113mu noteikumi"},"content":{"rendered":"<p>[vc_row][vc_column][vc_column_text]<\/p>\n<div>ATEX \u2013 iek\u0101rtas un sist\u0113mas, kas paredz\u0113tas lieto\u0161anai spr\u0101dzienb\u012bstam\u0101 vid\u0113<\/div>\n<div>Eiropas Parlamenta un Padomes 2014. gada 26. febru\u0101ra Direkt\u012bva 2014\/34\/ES par dal\u012bbvalstu ties\u012bbu aktu saska\u0146o\u0161anu attiec\u012bb\u0101 uz iek\u0101rt\u0101m un aizsardz\u012bbas sist\u0113m\u0101m, kas paredz\u0113tas lieto\u0161anai spr\u0101dzienb\u012bstam\u0101 vid\u0113<\/div>\n<div>Direkt\u012bva 2014\/34\/ES jeb t\u0101 d\u0113v\u0113t\u0101 ATEX 114 ir viens no ES ties\u012bbu aktiem, kas nosaka galven\u0101s pras\u012bbas attiec\u012bb\u0101 uz dro\u0161umu. \u0160\u012bs pras\u012bbas skar t\u0101du produktu izstr\u0101di un izgatavo\u0161anu, kurus var laist Savien\u012bbas tirg\u016b un ekspluat\u0101cij\u0101 tikai tad, ja tie neapdraud apk\u0101rt\u0113jo vidi, cilv\u0113ku vesel\u012bbu vai dro\u0161\u012bbu, m\u0101jdz\u012bvniekus vai \u012bpa\u0161umu, ar nosac\u012bjumu, ka ir pareizi iepakoti un tiek kopti un lietoti pien\u0101c\u012bg\u0101 veid\u0101.<\/div>\n<div>Direkt\u012bva ATEX attiecas uz iek\u0101rt\u0101m un aizsardz\u012bbas sist\u0113m\u0101m, kas ir paredz\u0113tas lieto\u0161anai potenci\u0101li spr\u0101dzienb\u012bstam\u0101 vid\u0113. Direkt\u012bva ir piem\u0113rojama ar\u012b dro\u0161uma ier\u012bc\u0113m, kontrolier\u012bc\u0113m un regul\u0113\u0161anas ier\u012bc\u0113m, kas paredz\u0113tas lieto\u0161anai \u0101rpus spr\u0101dzienb\u012bstamas vides, bet nodro\u0161ina vai veicina iek\u0101rtu un aizsardz\u012bbas sist\u0113mu dro\u0161u darb\u012bbu spr\u0101dzienb\u012bstamos apst\u0101k\u013cos.<\/div>\n<div>Direkt\u012bva ATEX 114 neattiecas uz:<\/div>\n<div>medic\u012bnas iek\u0101rt\u0101m;<\/div>\n<div>iek\u0101rt\u0101m un aizsardz\u012bbas sist\u0113m\u0101m, ja spr\u0101dzienb\u012bstam\u012bbu izraisa vien\u012bgi spr\u0101dzienb\u012bstamu vielu vai nestabilu \u0137\u012bmisku vielu kl\u0101tb\u016btne;<\/div>\n<div>iek\u0101rt\u0101m, kas paredz\u0113tas izmanto\u0161anai m\u0101jas apst\u0101k\u013cos un nekomerci\u0101l\u0101 vid\u0113, kur spr\u0101dzienb\u012bstama vide rodas \u013coti reti, un vien\u012bgi tad, ja ir nejau\u0161i notikusi g\u0101zveida kurin\u0101m\u0101 nopl\u016bde;<\/div>\n<div>individu\u0101lajiem aizsardz\u012bbas l\u012bdzek\u013ciem;<\/div>\n<div>j\u016bras ku\u0123iem un p\u0101rvietojam\u0101m iek\u0101rt\u0101m atkl\u0101t\u0101 j\u016br\u0101, k\u0101 ar\u012b apr\u012bkojumam, kas atrodas uz t\u0101diem ku\u0123iem vai iek\u0101rt\u0101m;<\/div>\n<div>transportl\u012bdzek\u013ciem un to piekab\u0113m, ko izmanto vien\u012bgi pasa\u017eieru p\u0101rvad\u0101\u0161anai pa gaisu vai izmantojot autoce\u013cu, dzelzce\u013ca un \u016bdensce\u013cu t\u012bklu;<\/div>\n<div>produktiem, kas izstr\u0101d\u0101ti un izgatavoti bru\u0146oto sp\u0113ku, policijas un citu ties\u012bbaizsardz\u012bbas dienestu vajadz\u012bb\u0101m.<\/div>\n<div>Direkt\u012bv\u0101 ATEX 114 noteiktais visp\u0101r\u012bgais princips ir nodro\u0161in\u0101t, lai iek\u0101rtas un aizsardz\u012bbas sist\u0113mas b\u016btu izstr\u0101d\u0101tas saska\u0146\u0101 ar kompleksas spr\u0101dziendro\u0161\u012bbas pras\u012bb\u0101m.<\/div>\n<div>Direkt\u012bvas 2014\/34\/ES aptverto produktu ra\u017eot\u0101jam ir j\u0101identific\u0113 b\u012bstam\u012bba, j\u0101nov\u0113rt\u0113 riski, kas saist\u012bti ar produkta uzst\u0101d\u012b\u0161anu, izmanto\u0161anu un apkopi, j\u0101\u012bsteno pas\u0101kumi risku nov\u0113r\u0161anai vai samazin\u0101\u0161anai, j\u0101izstr\u0101d\u0101 un j\u0101izvieto inform\u0101cija par produkta izmanto\u0161anu visos t\u0101 \u201edz\u012bvescikla\u201d posmos (palaidi, aptur\u0113\u0161anu, tehnisko apkopi un remontu), \u0146emot v\u0113r\u0101 to personu kvalifik\u0101ciju, kuras var veikt attiec\u012bgos uzdevumus.<\/div>\n<div><\/div>\n<div>SIA International Center for Quality Certification \u2013 ICQC iek\u0101rtu un aizsardz\u012bbas sist\u0113mu, kas ir paredz\u0113tas lieto\u0161anai potenci\u0101li spr\u0101dzienb\u012bstam\u0101 vid\u0113 (ATEX) akredit\u0101cija un notifik\u0101cija<\/div>\n<p><strong><em><a href=\"\/wp-content\/uploads\/2020\/06\/Ministru-kabineta-noteikumi-Spradzienbistama-vide-lietojamo-iekartu-un-aizsargsistemu-noteikumi.pdf\">Ministru kabineta noteikumi Nr. 231 R\u012bg\u0101 2016. gada 19.apr\u012bl\u012b\u00a0<\/a><\/em><\/strong><\/p>\n<p><a href=\"https:\/\/www.icqc.lv\/\">EIROPAS PARLAMENTA UN PADOMES\u00a0<\/a><a href=\"https:\/\/ce-test.lv\/wp-content\/uploads\/jyukyk.pdf\">DIREKT\u012aVA 2014\/34\/ES<\/a>\u00a0(2014. gada 26. febru\u0101ris) par dal\u012bbvalstu ties\u012bbu aktu saska\u0146o\u0161anu attiec\u012bb\u0101 uz iek\u0101rt\u0101m un aizsardz\u012bbas sist\u0113m\u0101m, kas paredz\u0113tas lieto\u0161anai spr\u0101dzienb\u012bstam\u0101 vid\u0113 (p\u0101rstr\u0101d\u0101ta redakcija) ATEX<\/p>\n<div>\n<div><\/div>\n<div>\n<div>Akredit\u0101cijas iek\u0101rtas un aizsargsist\u0113mas Spr\u0101dzienb\u012bstam\u0101 vid\u0113 lietojam\u0101s iek\u0101rtas un aizsargsist\u0113mas &#8211; ATEX.<\/div>\n<\/div>\n<\/div>\n<p>[\/vc_column_text][vc_column_text]<\/p>\n<table border=\"0\" cellspacing=\"0\" cellpadding=\"0\">\n<tbody>\n<tr>\n<td>\n<div><strong>roced\u016bra<\/strong><\/div>\n<\/td>\n<td>\n<div><strong>Spr\u0101dzienb\u012bstam\u0101 vid\u0113 lietojam\u0101s iek\u0101rtas un aizsargsist\u0113mas:<\/strong><\/div>\n<div><strong>\u00a0<\/strong><\/div>\n<div><strong>&#8211; M1 kategorijas iek\u0101rtas<\/strong><\/div>\n<div><strong>&#8211; Aizsardz\u012bbas sist\u0113mas<\/strong><\/div>\n<div><strong>&#8211; Sast\u0101vda\u013cas<\/strong><\/div>\n<div><strong>\u00a0<\/strong><\/div>\n<div><strong>&#8211; M1 kategorijas iek\u0101rtas<\/strong><\/div>\n<div><strong>&#8211; Aizsardz\u012bbas sist\u0113mas<\/strong><\/div>\n<div><strong>&#8211; Sast\u0101vda\u013cas\u00a0<\/strong><\/div>\n<div><strong>\u00a0<\/strong><\/div>\n<div><strong>&#8211; 1 kategorijas iek\u0101rtas<\/strong><\/div>\n<div><strong>&#8211; 3 kategorijas iek\u0101rtas<\/strong><\/div>\n<div><strong>&#8211; Dro\u0161uma ier\u012bces, kontrolier\u012bces un regul\u0113\u0161anas ier\u012bces<\/strong><\/div>\n<div><strong>II grupas putek\u013cu elektrisk\u0101s iek\u0101rtas:<\/strong><\/div>\n<div><strong>&#8211; 2 kategorijas iek\u0101rtas<\/strong><\/div>\n<div><strong>&#8211; Aizsardz\u012bbas sist\u0113mas<\/strong><\/div>\n<div><strong>&#8211; Sast\u0101vda\u013cas<\/strong><\/div>\n<div><strong>\u00a0<\/strong><\/div>\n<div><strong>&#8211; 1 kategorijas iek\u0101rtas<\/strong><\/div>\n<div><strong>&#8211; 3 kategorijas iek\u0101rtas<\/strong><\/div>\n<div><strong>&#8211; Dro\u0161uma ier\u012bces, kontrolier\u012bces un regul\u0113\u0161anas ier\u012bces<\/strong><\/div>\n<div><strong>II grupas putek\u013cu neelektrisk\u0101s iek\u0101rtas:<\/strong><\/div>\n<div><strong>&#8211; 2 kategorijas iek\u0101rtas<\/strong><\/div>\n<div><strong>&#8211; Aizsardz\u012bbas sist\u0113mas<\/strong><\/div>\n<div><strong>&#8211; Sast\u0101vda\u013cas<\/strong><\/div>\n<\/td>\n<td>\n<div><strong>6.3. Atbilst\u012bba tipam, pamatojoties uz iek\u0161\u0113jo ra\u017eo\u0161anas kontroli un uzraudz\u012bt\u0101m objekta p\u0101rbaud\u0113m (C1 modulis)<\/strong><\/div>\n<div><strong>6.5. Atbilst\u012bba tipam, pamatojoties uz objekta verific\u0113\u0161anu (F modulis)<\/strong><\/div>\n<div><strong>6.7. Atbilst\u012bba, pamatojoties uz vien\u012bbas verific\u0113\u0161anu (G modulis)<\/strong><\/div>\n<\/td>\n<td>\n<div><strong>6.2.noda\u013ca<\/strong><\/div>\n<div><strong>6.4.noda\u013ca<\/strong><\/div>\n<div><strong>6.6.noda\u013ca<\/strong><\/div>\n<div><strong>Eiropas Parlamenta un Padomes Direkt\u012bva 2014\/34\/ES par dal\u012bbvalstu ties\u012bbu aktu saska\u0146o\u0161anu attiec\u012bb\u0101 uz iek\u0101rt\u0101m un aizsardz\u012bbas sist\u0113m\u0101m, kas paredz\u0113tas lieto\u0161anai spr\u0101dzienb\u012bstam\u0101 vid\u0113<\/strong><\/div>\n<div><strong>\u00a0<\/strong><\/div>\n<div><strong>IV Pielikums<\/strong><\/div>\n<div><strong>VI Pielikums<\/strong><\/div>\n<div><strong>IX Pielikums<\/strong><\/div>\n<\/td>\n<\/tr>\n<\/tbody>\n<\/table>\n<p>[\/vc_column_text][\/vc_column][\/vc_row]<\/p>\n","protected":false},"excerpt":{"rendered":"<p>[vc_row][vc_column][vc_column_text] ATEX \u2013 iek\u0101rtas un sist\u0113mas, kas paredz\u0113tas lieto\u0161anai spr\u0101dzienb\u012bstam\u0101 vid\u0113 Eiropas Parlamenta un Padomes 2014. gada 26. febru\u0101ra Direkt\u012bva 2014\/34\/ES par dal\u012bbvalstu ties\u012bbu aktu saska\u0146o\u0161anu attiec\u012bb\u0101 uz iek\u0101rt\u0101m un aizsardz\u012bbas sist\u0113m\u0101m, kas paredz\u0113tas lieto\u0161anai spr\u0101dzienb\u012bstam\u0101 vid\u0113 Direkt\u012bva 2014\/34\/ES jeb t\u0101 d\u0113v\u0113t\u0101 ATEX 114 ir viens no ES ties\u012bbu aktiem, kas nosaka galven\u0101s pras\u012bbas attiec\u012bb\u0101 [&hellip;]<\/p>\n","protected":false},"author":1,"featured_media":0,"parent":0,"menu_order":0,"comment_status":"closed","ping_status":"closed","template":"page-templates\/template-fullwidth.php","meta":{"footnotes":""},"class_list":["post-3449","page","type-page","status-publish","hentry"],"translation":{"provider":"WPGlobus","version":"3.0.0","language":"lv","enabled_languages":["en","lv","ru"],"languages":{"en":{"title":true,"content":true,"excerpt":false},"lv":{"title":true,"content":true,"excerpt":false},"ru":{"title":true,"content":true,"excerpt":false}}},"_links":{"self":[{"href":"https:\/\/ce-test.lv\/lv\/wp-json\/wp\/v2\/pages\/3449","targetHints":{"allow":["GET"]}}],"collection":[{"href":"https:\/\/ce-test.lv\/lv\/wp-json\/wp\/v2\/pages"}],"about":[{"href":"https:\/\/ce-test.lv\/lv\/wp-json\/wp\/v2\/types\/page"}],"author":[{"embeddable":true,"href":"https:\/\/ce-test.lv\/lv\/wp-json\/wp\/v2\/users\/1"}],"replies":[{"embeddable":true,"href":"https:\/\/ce-test.lv\/lv\/wp-json\/wp\/v2\/comments?post=3449"}],"version-history":[{"count":19,"href":"https:\/\/ce-test.lv\/lv\/wp-json\/wp\/v2\/pages\/3449\/revisions"}],"predecessor-version":[{"id":3478,"href":"https:\/\/ce-test.lv\/lv\/wp-json\/wp\/v2\/pages\/3449\/revisions\/3478"}],"wp:attachment":[{"href":"https:\/\/ce-test.lv\/lv\/wp-json\/wp\/v2\/media?parent=3449"}],"curies":[{"name":"wp","href":"https:\/\/api.w.org\/{rel}","templated":true}]}}