{"id":3561,"date":"2022-11-09T07:15:31","date_gmt":"2022-11-09T05:15:31","guid":{"rendered":"https:\/\/ce-test.lv\/?page_id=3561"},"modified":"2024-01-26T13:30:22","modified_gmt":"2024-01-26T11:30:22","slug":"direktiva-2014-35-eu-nizkovoltnoe-oborudovanie","status":"publish","type":"page","link":"https:\/\/ce-test.lv\/lv\/direktiva-2014-35-eu-nizkovoltnoe-oborudovanie\/","title":{"rendered":"Direkt\u012bva 2014\/35\/ES"},"content":{"rendered":"<p>[vc_row][vc_column][vc_column_text]<\/p>\n<div data-block-id=\"block-db91dae6-7542-40a9-989e-08ae75704ded\">ES dal\u012bbvalstis veic visus pas\u0101kumus, lai nodro\u0161in\u0101tu, ka to tirg\u016b tiek pieg\u0101d\u0101tas tikai elektroiek\u0101rtas, kas ra\u017eotas lab\u0101 in\u017eeniertehnisk\u0101 l\u012bmen\u012b saska\u0146\u0101 ar ES sp\u0113k\u0101 eso\u0161ajiem dro\u0161\u012bbas noteikumiem. Elektroiek\u0101rtas nedr\u012bkst apdraud\u0113t cilv\u0113ku, m\u0101jdz\u012bvnieku un \u012bpa\u0161uma dro\u0161\u012bbu, ja vien t\u0101s ir pareizi uzst\u0101d\u012btas, pareizi uztur\u0113tas un izmantotas paredz\u0113tajam m\u0113r\u0137im. Viens no \u0161iem m\u0113r\u0137iem veiktajiem pas\u0101kumiem ir Direkt\u012bva 2014\/35 \/ ES.<\/div>\n<div data-block-id=\"block-db91dae6-7542-40a9-989e-08ae75704ded\"><\/div>\n<div class=\"ql-block\" data-block-id=\"block-db91dae6-7542-40a9-989e-08ae75704ded\">Joma<\/div>\n<div class=\"ql-block\" data-block-id=\"block-aea84880-1529-4899-961b-60011edb414d\">Direkt\u012bvas darb\u012bba attiecas uz zemsprieguma iek\u0101rt\u0101m, kas tiek laistas apgroz\u012bb\u0101 ES teritorij\u0101, kuras m\u0113r\u0137is ir izmantot nomin\u0101laj\u0101 spriegum\u0101 no 50 l\u012bdz 1000 V (ieskaitot) mai\u0146str\u0101vu un no 75 l\u012bdz 1500 V (ieskaitot) l\u012bdzstr\u0101vu. T\u0101l\u0101k ir sniegts \u0161o iek\u0101rtu saraksts.<\/div>\n<div class=\"ql-block\" data-block-id=\"block-24fff7d3-d69e-4b71-9b16-225bef525732\"><\/div>\n<div class=\"ql-block\" data-block-id=\"block-11982aa3-d822-4b53-bcb2-14d3ccbf841b\">Direkt\u012bvas piem\u0113ro\u0161anas jom\u0101 neietilpst:<\/div>\n<div class=\"ql-block\" data-block-id=\"block-b52c758e-c63d-4837-a00a-c49a8ad7d629\">Elektroiek\u0101rtas, kas paredz\u0113tas izmanto\u0161anai spr\u0101dzienb\u012bstam\u0101 atmosf\u0113r\u0101<\/div>\n<div class=\"ql-block\" data-block-id=\"block-b03182e9-124b-4e14-af91-770998335bf9\">Speci\u0101las elektroiek\u0101rtas, kas paredz\u0113tas lieto\u0161anai uz ku\u0123iem, lidma\u0161\u012bn\u0101s un dzelzce\u013cos, kas atbilst dro\u0161\u012bbas noteikumiem<\/div>\n<div class=\"ql-block\" data-block-id=\"block-b4ff7bee-988c-466b-bb09-d672f3de26d3\">Elektroiek\u0101rtas radiolo\u0123ijai un medic\u012bniskiem nol\u016bkiem<\/div>\n<div class=\"ql-block\" data-block-id=\"block-5d76414e-50ff-4803-a022-38d730aef3c2\">Produktu un pasa\u017eieru liftu elektrisk\u0101s da\u013cas<\/div>\n<div class=\"ql-block\" data-block-id=\"block-b41aab70-a116-47ff-8425-e07690d29ae3\">Elektriskie skait\u012bt\u0101ji<\/div>\n<div class=\"ql-block\" data-block-id=\"block-eb337614-100a-4a2f-868a-6f0b7ac820ad\">M\u0101jsaimniec\u012bbas kontaktdak\u0161as un kontaktligzdas<\/div>\n<div class=\"ql-block\" data-block-id=\"block-86e9b69e-3412-4457-8c96-63120ee5e1ad\">Elektriskie \u017eogu regulatori<\/div>\n<div class=\"ql-block\" data-block-id=\"block-28233c50-952c-4358-a4b6-fcc63c3c3245\">Radio un elektriskie trauc\u0113jumi<\/div>\n<div class=\"ql-block\" data-block-id=\"block-9a611e20-9518-447e-98cd-c6e97e602f3c\">Atbilst\u012bbas nov\u0113rt\u0113jums<\/div>\n<div class=\"ql-block\" data-block-id=\"block-8dbe2192-1a76-485e-99b9-e413dc90f4df\">Elektroiek\u0101rtas iziet atbilst\u012bbas nov\u0113rt\u0113jumu iek\u0161\u0113j\u0101s ra\u017eo\u0161anas kontroles veid\u0101. T\u0101 ir proced\u016bra, ar kuras pal\u012bdz\u012bbu ra\u017eot\u0101js vai t\u0101 p\u0101rst\u0101vis nodro\u0161ina, ka elektroiek\u0101rtas atbilst \u0161\u012bs direkt\u012bvas pras\u012bb\u0101m. Ra\u017eot\u0101js katram produktam uzliek mar\u0137\u0113jumu &#8220;CE&#8221; un sast\u0101da rakstisku atbilst\u012bbas deklar\u0101ciju.<\/div>\n<div class=\"ql-block\" data-block-id=\"block-f5d34b73-bd41-494f-a9a3-032263d8996a\"><\/div>\n<div class=\"ql-block\" data-block-id=\"block-f3c554e0-610f-4a6b-ab7a-aed098e1ea64\">Turkl\u0101t ra\u017eot\u0101jam ir j\u0101sagatavo tehnisk\u0101 dokument\u0101cija, kas aprakst\u012bta Direkt\u012bvas 3.punkt\u0101, un t\u0101 j\u0101uzglab\u0101 vismaz 10 gadus no p\u0113d\u0113j\u0101 produkta izgatavo\u0161anas datuma. Dokument\u0101cija dod iesp\u0113ju nov\u0113rt\u0113t, ka elektroiek\u0101rtas atbilst \u0161\u012bs direkt\u012bvas pras\u012bb\u0101m. Lai to izdar\u012btu, tam j\u0101b\u016bt diezgan piln\u012bgam, aptverot iek\u0101rtu projekt\u0113\u0161anas, izgatavo\u0161anas un darb\u012bbas aspektus.<\/div>\n<div class=\"ql-block\" data-block-id=\"block-05abb9c7-7f69-4bf3-9071-d51c13e354d1\"><\/div>\n<div class=\"ql-block\" data-block-id=\"block-875f8eca-3b7c-45f2-8ac2-585aa278cdea\">Dokument\u0101cija j\u0101iesniedz attiec\u012bgaj\u0101m valsts iest\u0101d\u0113m kontrolei. Papildus ra\u017eot\u0101jam \u0161o pien\u0101kumu var uztic\u0113t ra\u017eot\u0101ja vai produktu pieg\u0101d\u0101t\u0101ja p\u0101rst\u0101vim tirg\u016b.<\/div>\n<div class=\"ql-block\" data-block-id=\"block-529ff9e6-65cb-4f68-aa37-798bb2c0e4d4\"><\/div>\n<div class=\"ql-block\" data-block-id=\"block-12344e2d-33e8-41fe-821f-02c19cb79256\">K\u0101 ieg\u016bt sertifik\u0101tu<\/div>\n<div class=\"ql-block\" data-block-id=\"block-1a629034-2353-4b65-997e-447d52dd563a\">Tikai akredit\u0113tas iest\u0101des var izsniegt atbilst\u012bbas sertifik\u0101tu un re\u0123istr\u0113t deklar\u0101cijas.<\/div>\n<div class=\"ql-block\" data-block-id=\"block-6cdaacb5-2f99-432e-af3d-db009c0fe93e\"><\/div>\n<div class=\"ql-block\" data-block-id=\"block-2d0a5ba9-879e-41b0-9262-73f531a5e2a3\">Svar\u012bgi: Eiropas Savien\u012bbas pras\u012bbu atbilst\u012bbas sertifik\u0101tu vai deklar\u0101ciju var izsniegt gan EAEK valstu ra\u017eotaj\u0101m prec\u0113m, gan \u0101rvalstu ra\u017eot\u0101ju prec\u0113m.<\/div>\n<div class=\"ql-block\" data-block-id=\"block-4ec6effd-7760-484b-b66c-407f5a30e024\">Sertifik\u0101ta ieg\u016b\u0161anas proced\u016bra ietver \u0161\u0101das darb\u012bbas:<\/div>\n<div class=\"ql-block\" data-block-id=\"block-cfe5eddd-7d2c-46d2-883c-79205e3f4361\"><\/div>\n<div class=\"ql-block\" data-block-id=\"block-9915962d-a87d-4e9c-8c10-e37dc0566430\">Dokument\u0101cijas sagatavo\u0161ana (eksperti izskata pieteikumu un tam pievienoto produktu tehnisko dokument\u0101ciju)<\/div>\n<div class=\"ql-block\" data-block-id=\"block-93d7d9ba-be76-462f-87ff-09bb12fae076\">Testu veik\u0161ana un protokola sast\u0101d\u012b\u0161ana:<\/div>\n<div class=\"ql-block\" data-block-id=\"block-dd0db46e-73bb-4e67-9457-de040fed1c90\">Atlas\u012btie paraugi tiek nos\u016bt\u012bti test\u0113\u0161anai uz m\u016bsu akredit\u0113taj\u0101m laboratorij\u0101m<\/div>\n<div class=\"ql-block\" data-block-id=\"block-57874627-3602-4d81-8ced-119c51a49ee6\">Testi tiek veikti p\u0113c Eiropas direkt\u012bv\u0101 noteiktajiem standartiem)<\/div>\n<div class=\"ql-block\" data-block-id=\"block-ad421216-af98-486a-a1e7-de9ab48c2ad4\">Klienta konsult\u0101cija visos darba posmos (eksperti \u0146em v\u0113r\u0101 katra pas\u016bt\u012bjuma \u012bpatn\u012bbas)<\/div>\n<div class=\"ql-block\" data-block-id=\"block-5d79aed4-8e35-4ecf-823a-d3cd63a3e7a9\">Sertifik\u0101ta noform\u0113\u0161ana<\/div>\n<div class=\"ql-block\" data-block-id=\"block-a0adb849-0e1b-422c-b18b-eb5c078ecca0\">K\u0101 ir izdev\u012bgi ieg\u016bt sertifik\u0101tu<\/div>\n<div class=\"ql-block\" data-block-id=\"block-38b55c69-5d93-4c4a-be31-f6537d6bdc4e\">Pretendents, noform\u0113jot produktu sertifik\u0101tu, nekav\u0113joties sa\u0146em \u0161\u0101das priek\u0161roc\u012bbas:<\/div>\n<div class=\"ql-block\" data-block-id=\"block-cd298da8-75b1-417a-b97b-7f5acd3d4fdc\"><\/div>\n<div class=\"ql-block\" data-block-id=\"block-a27cbd95-9ff6-4e6f-9059-f916f4227497\">Nav nepiecie\u0161ams noform\u0113t dokumentu katrai valstij atsevi\u0161\u0137i<\/div>\n<div class=\"ql-block\" data-block-id=\"block-bade47f7-f697-4f1f-9302-a39b9ffd5efd\">Iev\u0113rojams laika samazin\u0101jums sertifik\u0101cijas proced\u016bras veik\u0161anai<\/div>\n<div class=\"ql-block\" data-block-id=\"block-c44d61fc-60d5-4a11-893f-70d65c2f2472\">Pa\u0101trin\u0101t apgroz\u012bjumu starp valst\u012bm, pozit\u012bvi ietekm\u0113jot to ekonomiku<\/div>\n<div class=\"ql-block\" data-block-id=\"block-d5b87acd-3c5c-46b4-87cc-4e9ff21c9dee\">B\u016btisks p\u0101rdo\u0161anas apjoma pieaugums vi\u0146a uz\u0146\u0113mum\u0101 un jaunu att\u012bst\u012bbas perspekt\u012bvu par\u0101d\u012b\u0161an\u0101s<\/div>\n<div class=\"ql-block\" data-block-id=\"block-38a8fbfe-e517-48d0-b94e-25fbc69d8c38\">Produktu saraksts, uz kuriem attiecas Direkt\u012bva 2014\/35 \/ EU<\/div>\n<div class=\"ql-block\" data-block-id=\"block-efe21d3d-872f-4fa7-b7ca-bed69b48dad3\">Elektrisk\u0101s ier\u012bces un sadz\u012bves tehnika:<\/div>\n<div class=\"ql-block\" data-block-id=\"block-fd7e49d5-ad32-4423-bc08-0cf314d9c5aa\">\u0112diena gatavo\u0161anai un uzglab\u0101\u0161anai un virtuves darbu mehaniz\u0101cijai<\/div>\n<div class=\"ql-block\" data-block-id=\"block-f6162951-93a5-4a39-8b2a-90031cd25e7d\">Ve\u013cas, ap\u0123\u0113rba un apavu apstr\u0101dei (mazg\u0101\u0161anai, gludin\u0101\u0161anai, \u017e\u0101v\u0113\u0161anai, t\u012br\u012b\u0161anai)<\/div>\n<div class=\"ql-block\" data-block-id=\"block-9c95d79a-228f-4768-ab24-6792d87ef70c\">Telpu t\u012br\u012b\u0161anai un t\u012br\u012b\u0161anai<\/div>\n<div class=\"ql-block\" data-block-id=\"block-2f57fe80-c9ff-41ab-9746-50b47f470647\">Mikroklimata uztur\u0113\u0161anai un regul\u0113\u0161anai telp\u0101s<\/div>\n<div class=\"ql-block\" data-block-id=\"block-847c083b-866b-4ea0-ba77-1d8b87653272\">Sanit\u0101ri higi\u0113niski<\/div>\n<div class=\"ql-block\" data-block-id=\"block-b0fb4a21-bd99-40ca-b9b5-4c2aaade0edf\">Matu, nagu un \u0101das kop\u0161anai<\/div>\n<div class=\"ql-block\" data-block-id=\"block-c421a532-9eb3-499f-95eb-d04c82d043f2\">\u0136erme\u0146a sild\u012b\u0161anai<\/div>\n<div class=\"ql-block\" data-block-id=\"block-4b8cf868-1f7f-4608-8a3f-777d08b9c4a8\">Vibromas\u0101\u017eas<\/div>\n<div class=\"ql-block\" data-block-id=\"block-061a82de-a841-4830-83ba-565bb93f29a4\">Sp\u0113\u013cu, sporta un sporta apr\u012bkojums<\/div>\n<div class=\"ql-block\" data-block-id=\"block-f61ce4ea-6d4a-4a68-8560-fa969ffe27c9\">Audio un video apr\u012bkojums, TV un apraides uztv\u0113r\u0113ji<\/div>\n<div class=\"ql-block\" data-block-id=\"block-f9b466d8-df16-4696-903b-92d53d497146\">\u0160ujma\u0161\u012bnas un ad\u0101mma\u0161\u012bnas<\/div>\n<div class=\"ql-block\" data-block-id=\"block-c71ea7d1-bbfc-4e30-87e0-6253a4fa53ea\">Baro\u0161anas avoti, l\u0101d\u0113t\u0101ji un sprieguma stabilizatori<\/div>\n<div class=\"ql-block\" data-block-id=\"block-75118913-92d6-4454-b418-04531c2481b0\">D\u0101rza un d\u0101rza tehnika<\/div>\n<div class=\"ql-block\" data-block-id=\"block-43529c3d-27c7-4fb2-b91b-5e21e5792dd5\">Apr\u012bkojums akv\u0101rijiem un d\u0101rza d\u012b\u0137iem<\/div>\n<div class=\"ql-block\" data-block-id=\"block-4e84dd19-64e6-4a2c-b1a9-045d4cc16585\">Elektriskie s\u016bk\u0146i<\/div>\n<div class=\"ql-block\" data-block-id=\"block-82c76783-d958-4bd6-b9d6-8a90c8c97522\">Iek\u0101rtas gaismas un gaismas avoti<\/div>\n<div class=\"ql-block\" data-block-id=\"block-8d94206d-6cde-4dd1-8db8-9a90eedb0e66\">Elektroinstal\u0101cijas produkti<\/div>\n<div class=\"ql-block\" data-block-id=\"block-b1494081-cdf6-4b0a-af30-fad77c467077\">Pagarin\u0101t\u0101js<\/div>\n<div class=\"ql-block\" data-block-id=\"block-f9b7cee5-5709-455d-9fc0-db62e5406200\">Datori<\/div>\n<div class=\"ql-block\" data-block-id=\"block-c39fc229-914b-4c8a-9c3a-681bf945e027\">Zemsprieguma iek\u0101rtas, kas savienotas ar datoriem<\/div>\n<div class=\"ql-block\" data-block-id=\"block-8f4639c1-5040-4934-9ddd-5f535ea47084\">Elektrific\u0113ts instruments (manu\u0101l\u0101s un p\u0101rn\u0113s\u0101jam\u0101s elektrisk\u0101s ma\u0161\u012bnas)<\/div>\n<div class=\"ql-block\" data-block-id=\"block-20851770-eb4e-49df-b16b-49d9d78b512a\">Elektrom\u016bzikas Instrumenti<\/div>\n<div class=\"ql-block\" data-block-id=\"block-6ae79974-cb67-47dd-9d95-568cc90a73ca\">Kabe\u013ci, vadi un auklas<\/div>\n<div class=\"ql-block\" data-block-id=\"block-a7b85d73-0f86-48e5-a2a0-54d7bdf7b2d0\">Autom\u0101tiskie sl\u0113d\u017ei un RCD<\/div>\n<div class=\"ql-block\" data-block-id=\"block-615b49f4-b398-422c-a803-932d2363f706\">Elektroener\u0123ijas sadales iek\u0101rtas<\/div>\n<div class=\"ql-block\" data-block-id=\"block-8c02581b-b0ff-49f9-a9b0-bb77b0c7ccf9\">Elektrisk\u0101s iek\u0101rtas elektrotehnisko iek\u0101rtu vad\u012b\u0161anai<\/div>\n<p>[\/vc_column_text][\/vc_column][\/vc_row]<\/p>\n","protected":false},"excerpt":{"rendered":"<p>[vc_row][vc_column][vc_column_text] ES dal\u012bbvalstis veic visus pas\u0101kumus, lai nodro\u0161in\u0101tu, ka to tirg\u016b tiek pieg\u0101d\u0101tas tikai elektroiek\u0101rtas, kas ra\u017eotas lab\u0101 in\u017eeniertehnisk\u0101 l\u012bmen\u012b saska\u0146\u0101 ar ES sp\u0113k\u0101 eso\u0161ajiem dro\u0161\u012bbas noteikumiem. Elektroiek\u0101rtas nedr\u012bkst apdraud\u0113t cilv\u0113ku, m\u0101jdz\u012bvnieku un \u012bpa\u0161uma dro\u0161\u012bbu, ja vien t\u0101s ir pareizi uzst\u0101d\u012btas, pareizi uztur\u0113tas un izmantotas paredz\u0113tajam m\u0113r\u0137im. Viens no \u0161iem m\u0113r\u0137iem veiktajiem pas\u0101kumiem ir Direkt\u012bva [&hellip;]<\/p>\n","protected":false},"author":1,"featured_media":0,"parent":0,"menu_order":0,"comment_status":"closed","ping_status":"closed","template":"","meta":{"footnotes":""},"class_list":["post-3561","page","type-page","status-publish","hentry"],"translation":{"provider":"WPGlobus","version":"3.0.0","language":"lv","enabled_languages":["en","lv","ru"],"languages":{"en":{"title":true,"content":true,"excerpt":false},"lv":{"title":true,"content":true,"excerpt":false},"ru":{"title":true,"content":true,"excerpt":false}}},"_links":{"self":[{"href":"https:\/\/ce-test.lv\/lv\/wp-json\/wp\/v2\/pages\/3561","targetHints":{"allow":["GET"]}}],"collection":[{"href":"https:\/\/ce-test.lv\/lv\/wp-json\/wp\/v2\/pages"}],"about":[{"href":"https:\/\/ce-test.lv\/lv\/wp-json\/wp\/v2\/types\/page"}],"author":[{"embeddable":true,"href":"https:\/\/ce-test.lv\/lv\/wp-json\/wp\/v2\/users\/1"}],"replies":[{"embeddable":true,"href":"https:\/\/ce-test.lv\/lv\/wp-json\/wp\/v2\/comments?post=3561"}],"version-history":[{"count":13,"href":"https:\/\/ce-test.lv\/lv\/wp-json\/wp\/v2\/pages\/3561\/revisions"}],"predecessor-version":[{"id":3779,"href":"https:\/\/ce-test.lv\/lv\/wp-json\/wp\/v2\/pages\/3561\/revisions\/3779"}],"wp:attachment":[{"href":"https:\/\/ce-test.lv\/lv\/wp-json\/wp\/v2\/media?parent=3561"}],"curies":[{"name":"wp","href":"https:\/\/api.w.org\/{rel}","templated":true}]}}