{"id":3710,"date":"2024-01-18T15:04:54","date_gmt":"2024-01-18T13:04:54","guid":{"rendered":"https:\/\/ce-test.lv\/?page_id=3710"},"modified":"2024-11-18T10:24:34","modified_gmt":"2024-11-18T08:24:34","slug":"direktiva-2014-30-es-elektromagnitnaya-sovmestimost","status":"publish","type":"page","link":"https:\/\/ce-test.lv\/lv\/direktiva-2014-30-es-elektromagnitnaya-sovmestimost\/","title":{"rendered":"DIREKTIVA 2014\/30\/ES: ELEKTROMAGN\u0112TISK\u0100 SADER\u012aBA"},"content":{"rendered":"<p>[vc_row css=&#8221;.vc_custom_1705584227673{margin-top: 0px !important;margin-bottom: 0px !important;padding-top: 0px !important;padding-bottom: 0px !important;}&#8221;][vc_column css=&#8221;.vc_custom_1705584169487{margin-top: 0px !important;margin-bottom: 0px !important;padding-top: 0px !important;padding-bottom: 0px !important;}&#8221;][vc_column_text css=&#8221;.vc_custom_1731918263627{margin-top: 0px !important;margin-bottom: 0px !important;padding-top: 0px !important;padding-bottom: 0px !important;}&#8221;]<\/p>\n<h2 class=\"ql-block\" data-block-id=\"block-bd7394ac-1e61-40c8-847e-02a3b7e1d3cb\">Elektronikas vai elektrisko izstr\u0101d\u0101jumu ra\u017eot\u0101jiem j\u0101nodro\u0161ina, lai vi\u0146u produkti atbilstu Direkt\u012bvas 2014\/30\/ES pras\u012bb\u0101m.<\/h2>\n<div class=\"ql-block\" data-block-id=\"block-bd7394ac-1e61-40c8-847e-02a3b7e1d3cb\">Saska\u0146\u0101 ar Direkt\u012bvu projekt\u0113\u0161anas un ra\u017eo\u0161anas posmos ir j\u0101izsl\u0113dz to sp\u0113ja rad\u012bt elektromagn\u0113tiskus trauc\u0113jumus, kas var izrais\u012bt telekomunik\u0101ciju un citu iek\u0101rtu, Radio darb\u012bbas trauc\u0113jumus.<\/div>\n<div class=\"ql-block\" data-block-id=\"block-d15f1c1c-0029-42b0-93be-e60dd4389fb1\"><\/div>\n<div class=\"ql-block\" data-block-id=\"block-0e17bb15-0e4a-4d6d-8b60-e41ab66ec670\">Direkt\u012bva 2014\/30 \/ ES attiecas uz:<\/div>\n<div class=\"ql-block\" data-block-id=\"block-64764819-c93f-462f-98b4-ab4c988ba9f3\">&#8211; iek\u0101rta;<\/div>\n<div class=\"ql-block\" data-block-id=\"block-e2e20041-7dfc-42e6-bbcd-8f13aaf0e973\">&#8211; aparat\u016bra;<\/div>\n<div class=\"ql-block\" data-block-id=\"block-fcf6a3cd-00d9-4672-8bce-0e14c6eea1fb\">&#8211; stacion\u0101ra iek\u0101rta.<\/div>\n<div class=\"ql-block\" data-block-id=\"block-50f0d3a3-e180-48bb-b346-5550e666ad16\"><\/div>\n<div class=\"ql-block\" data-block-id=\"block-24c95a9f-ef2b-40dc-af04-918b8b33b47e\">Atbilst\u012bbas nov\u0113rt\u0113\u0161anas proced\u016bra notiek, p\u0101rbaudot tehnisko dokument\u0101ciju un apstiprino\u0161os dokumentus (konstrukcijas tips) saska\u0146\u0101 ar moduli Direkt\u012bvas.<\/div>\n<div data-block-id=\"block-24c95a9f-ef2b-40dc-af04-918b8b33b47e\"><\/div>\n<div data-block-id=\"block-24c95a9f-ef2b-40dc-af04-918b8b33b47e\">\n<h4 style=\"text-align: center;\"><strong>Direkt\u012bva 2014\/30 \/ ES: elektromagn\u0113tisk\u0101 sader\u012bba<\/strong><\/h4>\n<p>ES valst\u012bm ir pien\u0101kums aizsarg\u0101t radiosakarus, elektroapg\u0101des t\u012bklus un telekomunik\u0101ciju t\u012bklus no elektromagn\u0113tiskiem trauc\u0113jumiem, k\u0101 ar\u012b t\u0101m pievienot\u0101s iek\u0101rtas. K\u0101 viens no pas\u0101kumiem \u0161\u012bs probl\u0113mas risin\u0101\u0161anai 2014.gada febru\u0101r\u012b tika pie\u0146emta elektromagn\u0113tisk\u0101s sader\u012bbas direkt\u012bva.<\/p>\n<p>Tas attiecas uz prec\u0113m, kuras ES tirg\u016b tiek pieg\u0101d\u0101tas Pirmo reizi. Tie var b\u016bt jauni produkti, kas ra\u017eoti ES, vai produkti, kas tiek import\u0113ti no tre\u0161\u0101m valst\u012bm (jauni vai lietoti). Ja produkti atbilst direkt\u012bvas pras\u012bb\u0101m, tos var br\u012bvi p\u0101rvietot pa ES valstu teritoriju, jo visur tiks nodro\u0161in\u0101ts V\u0113lamais aizsardz\u012bbas l\u012bmenis pret elektromagn\u0113tiskiem trauc\u0113jumiem.<\/p>\n<h4 style=\"text-align: center;\"><strong>Joma<\/strong><\/h4>\n<p>Direkt\u012bva attiecas uz iek\u0101rt\u0101m (tostarp iek\u0101rt\u0101m un stacion\u0101r\u0101m iek\u0101rt\u0101m), kas sp\u0113j rad\u012bt elektromagn\u0113tiskus trauc\u0113jumus un kuru (vai) darb\u012bbas kvalit\u0101te ir atkar\u012bga no \u0101r\u0113jo elektromagn\u0113tisko trauc\u0113jumu ietekmes.<\/p>\n<p>Aparat\u016bra ir pabeigta ier\u012bce vai ier\u012b\u010du kombin\u0101cija, kas tiek ra\u017eota k\u0101 viena funkcion\u0101la vien\u012bba. Aparat\u016br\u0101 da\u017ereiz ietilpst ar\u012b mezgli un komponenti.<br \/>\nStacion\u0101r\u0101 iek\u0101rta ir da\u017e\u0101du veidu iek\u0101rtu un, iesp\u0113jams, citu tehnisko ier\u012b\u010du kombin\u0101cija. Tas ir uzst\u0101d\u012bts noteikt\u0101 viet\u0101 un paredz\u0113ts lieto\u0161anai past\u0101v\u012bg\u0101 re\u017e\u012bm\u0101.<br \/>\nElektromagn\u0113tisk\u0101 savietojam\u012bba ir iek\u0101rtu sp\u0113ja norm\u0101li darboties paredz\u0113taj\u0101 elektromagn\u0113tiskaj\u0101 vid\u0113, neradot nepie\u0146emamus elektromagn\u0113tiskos trauc\u0113jumus cit\u0101m iek\u0101rt\u0101m \u0161aj\u0101 vid\u0113.<br \/>\nElektromagn\u0113tiskie trauc\u0113jumi ir par\u0101d\u012bba, kas negat\u012bvi ietekm\u0113 iek\u0101rtas darba kvalit\u0101ti: elektromagn\u0113tiskais troksnis, nev\u0113lams sign\u0101ls vai pa\u0161as izplat\u012b\u0161an\u0101s vides izmai\u0146as.<\/p>\n<p>Produktu saraksts, uz kuriem attiecas Direkt\u012bva:<\/p>\n<ol>\n<li>Elektrisk\u0101s ier\u012bces un sadz\u012bves tehnika:\n<ul>\n<li>\u0113diena gatavo\u0161anai un uzglab\u0101\u0161anai un virtuves darbu mehaniz\u0101cijai;<\/li>\n<li>ve\u013cas, ap\u0123\u0113rba un apavu apstr\u0101dei (mazg\u0101\u0161anai, gludin\u0101\u0161anai, \u017e\u0101v\u0113\u0161anai, t\u012br\u012b\u0161anai) ;<\/li>\n<li>telpu t\u012br\u012b\u0161anai un t\u012br\u012b\u0161anai;<\/li>\n<li>sanit\u0101ri higi\u0113niski;<\/li>\n<li>mikroklimata uztur\u0113\u0161anai un regul\u0113\u0161anai telp\u0101s;<\/li>\n<li>Matu, nagu un \u0101das kop\u0161anai;<\/li>\n<li>\u0137erme\u0146a sild\u012b\u0161anai;<\/li>\n<li>vibromas\u0101\u017eas.<\/li>\n<\/ul>\n<\/li>\n<li>Sp\u0113\u013cu, sporta un sporta apr\u012bkojums;<\/li>\n<li>Audio un video apr\u012bkojums, TV un apraides uztv\u0113r\u0113ji;<\/li>\n<li>\u0160ujma\u0161\u012bnas un ad\u0101mma\u0161\u012bnas;<\/li>\n<li>Baro\u0161anas avoti, l\u0101d\u0113t\u0101ji, sprieguma stabilizatori;<\/li>\n<li>D\u0101rza un d\u0101rza tehnika;<\/li>\n<li>Elektriskie s\u016bk\u0146i;<\/li>\n<li>Gaismas iek\u0101rtas;<\/li>\n<li>Elektroniski vad\u0101mi autom\u0101tiskie sl\u0113d\u017ei;<\/li>\n<li>Elektroniski kontrol\u0113tas Dro\u0161\u012bbas izsl\u0113g\u0161anas ier\u012bces;<\/li>\n<li>Loka metin\u0101\u0161anas iek\u0101rtas;<\/li>\n<li>Datori;<\/li>\n<li>Tehniskie l\u012bdzek\u013ci, kas savienojas ar datoriem: printeri, Monitori, Skeneri, nep\u0101rtraukt\u0101s baro\u0161anas avoti, ska\u013cru\u0146u sist\u0113mas, Multimediju projektori;<\/li>\n<li>Elektrific\u0113ts instruments (manu\u0101l\u0101s un p\u0101rn\u0113s\u0101jam\u0101s elektrisk\u0101s ma\u0161\u012bnas);<\/li>\n<li>Instrumenti ir elektrom\u016bzikas.<\/li>\n<\/ol>\n<h4 style=\"text-align: center;\"><strong>Atbilst\u012bbas nov\u0113rt\u0113jums<\/strong><\/h4>\n<p>Atbilst\u012bbas nov\u0113rt\u0113\u0161anas proced\u016bra notiek, p\u0101rbaudot tehnisko dokument\u0101ciju un apstiprino\u0161os dokumentus (konstrukcijas tips) saska\u0146\u0101 ar moduli Direkt\u012bvas.<\/p>\n<p>&nbsp;<\/p>\n<\/div>\n<p><a href=\"https:\/\/ce-test.lv\/wp-content\/uploads\/2024\/01\/application-emc.docx\">Sertifik\u0101ta pieteikums<\/a>[\/vc_column_text][\/vc_column][\/vc_row]<\/p>\n","protected":false},"excerpt":{"rendered":"<p>[vc_row css=&#8221;.vc_custom_1705584227673{margin-top: 0px !important;margin-bottom: 0px !important;padding-top: 0px !important;padding-bottom: 0px !important;}&#8221;][vc_column css=&#8221;.vc_custom_1705584169487{margin-top: 0px !important;margin-bottom: 0px !important;padding-top: 0px !important;padding-bottom: 0px !important;}&#8221;][vc_column_text css=&#8221;.vc_custom_1731918263627{margin-top: 0px !important;margin-bottom: 0px !important;padding-top: 0px !important;padding-bottom: 0px !important;}&#8221;] Elektronikas vai elektrisko izstr\u0101d\u0101jumu ra\u017eot\u0101jiem j\u0101nodro\u0161ina, lai vi\u0146u produkti atbilstu Direkt\u012bvas 2014\/30\/ES pras\u012bb\u0101m. Saska\u0146\u0101 ar Direkt\u012bvu projekt\u0113\u0161anas un ra\u017eo\u0161anas posmos ir j\u0101izsl\u0113dz to sp\u0113ja rad\u012bt elektromagn\u0113tiskus trauc\u0113jumus, [&hellip;]<\/p>\n","protected":false},"author":1,"featured_media":0,"parent":0,"menu_order":0,"comment_status":"closed","ping_status":"closed","template":"","meta":{"footnotes":""},"class_list":["post-3710","page","type-page","status-publish","hentry"],"translation":{"provider":"WPGlobus","version":"3.0.0","language":"lv","enabled_languages":["en","lv","ru"],"languages":{"en":{"title":true,"content":true,"excerpt":false},"lv":{"title":true,"content":true,"excerpt":false},"ru":{"title":true,"content":true,"excerpt":false}}},"_links":{"self":[{"href":"https:\/\/ce-test.lv\/lv\/wp-json\/wp\/v2\/pages\/3710","targetHints":{"allow":["GET"]}}],"collection":[{"href":"https:\/\/ce-test.lv\/lv\/wp-json\/wp\/v2\/pages"}],"about":[{"href":"https:\/\/ce-test.lv\/lv\/wp-json\/wp\/v2\/types\/page"}],"author":[{"embeddable":true,"href":"https:\/\/ce-test.lv\/lv\/wp-json\/wp\/v2\/users\/1"}],"replies":[{"embeddable":true,"href":"https:\/\/ce-test.lv\/lv\/wp-json\/wp\/v2\/comments?post=3710"}],"version-history":[{"count":33,"href":"https:\/\/ce-test.lv\/lv\/wp-json\/wp\/v2\/pages\/3710\/revisions"}],"predecessor-version":[{"id":3859,"href":"https:\/\/ce-test.lv\/lv\/wp-json\/wp\/v2\/pages\/3710\/revisions\/3859"}],"wp:attachment":[{"href":"https:\/\/ce-test.lv\/lv\/wp-json\/wp\/v2\/media?parent=3710"}],"curies":[{"name":"wp","href":"https:\/\/api.w.org\/{rel}","templated":true}]}}