{"id":3449,"date":"2020-06-25T12:34:44","date_gmt":"2020-06-25T10:34:44","guid":{"rendered":"http:\/\/test.serconsrus.com\/?page_id=3449"},"modified":"2020-06-25T14:32:20","modified_gmt":"2020-06-25T12:32:20","slug":"atex-equipment-and-protective-systems-intended-for-use-in-potentially-explosive-atmospheres","status":"publish","type":"page","link":"https:\/\/ce-test.lv\/ru\/atex-equipment-and-protective-systems-intended-for-use-in-potentially-explosive-atmospheres\/","title":{"rendered":"ATEX \u043e\u0431\u043e\u0440\u0443\u0434\u043e\u0432\u0430\u043d\u0438\u0435 \u043f\u0440\u0435\u0434\u043d\u0430\u0437\u043d\u0430\u0447\u0435\u043d\u043d\u043e\u0435 \u0434\u043b\u044f \u0440\u0430\u0431\u043e\u0442\u044b \u0432\u043e \u0432\u0437\u0440\u044b\u0432\u043e\u043e\u043f\u0430\u0441\u043d\u043e\u0439 \u0441\u0440\u0435\u0434\u0435"},"content":{"rendered":"<p>[vc_row][vc_column][vc_column_text]<a href=\"https:\/\/ce-test.lv\/wp-content\/uploads\/2020\/06\/Directive-2014-34-_-ATEX.pdf\">\u0414\u0438\u0440\u0435\u043a\u0442\u0438\u0432\u0430 2014\/34\/\u0415\u0421<\/a>\u00a0\u043e\u0431\u043e\u0440\u0443\u0434\u043e\u0432\u0430\u043d\u0438\u0435 \u043f\u0440\u0435\u0434\u043d\u0430\u0437\u043d\u0430\u0447\u0435\u043d\u043d\u043e\u0435 \u0434\u043b\u044f \u0440\u0430\u0431\u043e\u0442\u044b \u0432\u043e \u0432\u0437\u0440\u044b\u0432\u043e\u043e\u043f\u0430\u0441\u043d\u043e\u0439 \u0441\u0440\u0435\u0434\u0435.<\/p>\n<p>\u0414\u0438\u0440\u0435\u043a\u0442\u0438\u0432\u0430 2014\/34\/\u0415\u0421, \u0442\u0430\u043a \u043d\u0430\u0437\u044b\u0432\u0430\u0435\u043c\u0430\u044f <strong><em>ATEX 114<\/em><\/strong>, \u044f\u0432\u043b\u044f\u0435\u0442\u0441\u044f \u043e\u0434\u043d\u0438\u043c \u0438\u0437 \u0437\u0430\u043a\u043e\u043d\u043e\u0434\u0430\u0442\u0435\u043b\u044c\u043d\u044b\u0445 \u0430\u043a\u0442\u043e\u0432 \u0415\u0421, \u043e\u043f\u0440\u0435\u0434\u0435\u043b\u044f\u044e\u0449\u0438\u0445 \u043e\u0441\u043d\u043e\u0432\u043d\u044b\u0435 \u0442\u0440\u0435\u0431\u043e\u0432\u0430\u043d\u0438\u044f \u0431\u0435\u0437\u043e\u043f\u0430\u0441\u043d\u043e\u0441\u0442\u0438. \u042d\u0442\u0438 \u0442\u0440\u0435\u0431\u043e\u0432\u0430\u043d\u0438\u044f \u0441\u0432\u044f\u0437\u0430\u043d\u044b \u0441 \u0440\u0430\u0437\u0440\u0430\u0431\u043e\u0442\u043a\u043e\u0439 \u0438 \u0438\u0437\u0433\u043e\u0442\u043e\u0432\u043b\u0435\u043d\u0438\u0435\u043c \u043f\u0440\u043e\u0434\u0443\u043a\u0442\u043e\u0432, \u043a\u043e\u0442\u043e\u0440\u044b\u0435 \u043c\u043e\u0433\u0443\u0442 \u0431\u044b\u0442\u044c \u0440\u0430\u0437\u043c\u0435\u0449\u0435\u043d\u044b \u043d\u0430 \u0440\u044b\u043d\u043a\u0435 \u0421\u043e\u043e\u0431\u0449\u0435\u0441\u0442\u0432\u0430 \u0438 \u0432\u0432\u0435\u0434\u0435\u043d\u044b \u0432 \u044d\u043a\u0441\u043f\u043b\u0443\u0430\u0442\u0430\u0446\u0438\u044e \u0442\u043e\u0433\u0434\u0430, \u043a\u043e\u0433\u0434\u0430 \u043e\u043d\u0438 \u043d\u0435 \u043c\u043e\u0433\u0443\u0442 \u043f\u0440\u0435\u0434\u0441\u0442\u0430\u0432\u043b\u044f\u0442\u044c \u0443\u0433\u0440\u043e\u0437\u0443 \u0434\u043b\u044f \u043e\u043a\u0440\u0443\u0436\u0430\u044e\u0449\u0435\u0439 \u0441\u0440\u0435\u0434\u044b (\u043b\u044e\u0434\u0435\u0439, \u0434\u043e\u043c\u0430\u0448\u043d\u0438\u0445 \u0436\u0438\u0432\u043e\u0442\u043d\u044b\u0445 \u0438\u043b\u0438 \u0438\u043c\u0443\u0449\u0435\u0441\u0442\u0432\u0430) \u043f\u0440\u0438 \u043f\u0440\u0430\u0432\u0438\u043b\u044c\u043d\u043e\u0439 \u0443\u0441\u0442\u0430\u043d\u043e\u0432\u043a\u0435, \u043e\u0431\u0441\u043b\u0443\u0436\u0438\u0432\u0430\u043d\u0438\u0438 \u0438 \u043f\u0440\u0438\u043c\u0435\u043d\u0435\u043d\u0438\u0438 \u043d\u0430\u0434\u043b\u0435\u0436\u0430\u0449\u0438\u043c \u043e\u0431\u0440\u0430\u0437\u043e\u043c.<\/p>\n<p>\u0414\u0438\u0440\u0435\u043a\u0442\u0438\u0432\u0430 ATEX \u043a\u0430\u0441\u0430\u0435\u0442\u0441\u044f \u043e\u0431\u043e\u0440\u0443\u0434\u043e\u0432\u0430\u043d\u0438\u044f \u0438 \u0441\u0438\u0441\u0442\u0435\u043c \u0437\u0430\u0449\u0438\u0442\u044b, \u043f\u0440\u0435\u0434\u043d\u0430\u0437\u043d\u0430\u0447\u0435\u043d\u043d\u044b\u0445 \u0434\u043b\u044f \u043f\u0440\u0438\u043c\u0435\u043d\u0435\u043d\u0438\u044f \u0432 \u043f\u043e\u0442\u0435\u043d\u0446\u0438\u0430\u043b\u044c\u043d\u043e \u0432\u0437\u0440\u044b\u0432\u043e\u043e\u043f\u0430\u0441\u043d\u044b\u0445 \u0441\u0440\u0435\u0434\u0430\u0445. \u0414\u0438\u0440\u0435\u043a\u0442\u0438\u0432\u0430 \u0442\u0430\u043a\u0436\u0435 \u043f\u0440\u0438\u043c\u0435\u043d\u044f\u0435\u0442\u0441\u044f \u043a \u043e\u0431\u043e\u0440\u0443\u0434\u043e\u0432\u0430\u043d\u0438\u044e \u0434\u043b\u044f \u043e\u0431\u0435\u0441\u043f\u0435\u0447\u0435\u043d\u0438\u044f \u0431\u0435\u0437\u043e\u043f\u0430\u0441\u043d\u043e\u0441\u0442\u0438, \u043a\u043e\u043d\u0442\u0440\u043e\u043b\u044f \u0438 \u0440\u0435\u0433\u0443\u043b\u0438\u0440\u043e\u0432\u0430\u043d\u0438\u044f, \u043f\u0440\u0435\u0434\u043d\u0430\u0437\u043d\u0430\u0447\u0435\u043d\u043d\u043e\u043c\u0443 \u0434\u043b\u044f \u0438\u0441\u043f\u043e\u043b\u044c\u0437\u043e\u0432\u0430\u043d\u0438\u044f \u0432\u043d\u0435 \u0432\u0437\u0440\u044b\u0432\u043e\u043e\u043f\u0430\u0441\u043d\u044b\u0445 \u0441\u0440\u0435\u0434, \u0447\u0442\u043e \u043d\u0435\u043e\u0431\u0445\u043e\u0434\u0438\u043c\u043e \u0438\u043b\u0438 \u0441\u043f\u043e\u0441\u043e\u0431\u0441\u0442\u0432\u0443\u0435\u0442 \u0431\u0435\u0437\u043e\u043f\u0430\u0441\u043d\u043e\u0439 \u044d\u043a\u0441\u043f\u043b\u0443\u0430\u0442\u0430\u0446\u0438\u0438 \u0432\u0437\u0440\u044b\u0432\u043e\u043e\u043f\u0430\u0441\u043d\u043e\u0433\u043e \u043e\u0431\u043e\u0440\u0443\u0434\u043e\u0432\u0430\u043d\u0438\u044f \u0438 \u0441\u0438\u0441\u0442\u0435\u043c.<\/p>\n<p>\u0414\u0438\u0440\u0435\u043a\u0442\u0438\u0432\u0430 ATEX 114 \u043d\u0435 \u043e\u0442\u043d\u043e\u0441\u0438\u0442\u0441\u044f \u043a:<\/p>\n<p>\u043c\u0435\u0434\u0438\u0446\u0438\u043d\u0441\u043a\u0438\u0435 \u0443\u0441\u0442\u0440\u043e\u0439\u0441\u0442\u0432\u0430,<\/p>\n<p>\u0437\u0430\u0449\u0438\u0442\u043d\u043e\u0435 \u043e\u0431\u043e\u0440\u0443\u0434\u043e\u0432\u0430\u043d\u0438\u0435 \u0438 \u0441\u0438\u0441\u0442\u0435\u043c\u044b, \u0432 \u043a\u043e\u0442\u043e\u0440\u044b\u0445 \u0432\u0437\u0440\u044b\u0432\u043e\u043e\u043f\u0430\u0441\u043d\u044b\u0435 \u043e\u043f\u0430\u0441\u043d\u043e\u0441\u0442\u0438 \u0432\u043e\u0437\u043d\u0438\u043a\u0430\u044e\u0442 \u0438\u0441\u043a\u043b\u044e\u0447\u0438\u0442\u0435\u043b\u044c\u043d\u043e \u0438\u0437-\u0437\u0430 \u043d\u0430\u043b\u0438\u0447\u0438\u044f \u0432\u0437\u0440\u044b\u0432\u0447\u0430\u0442\u044b\u0445 \u0432\u0435\u0449\u0435\u0441\u0442\u0432 \u0438\u043b\u0438 \u0445\u0438\u043c\u0438\u0447\u0435\u0441\u043a\u0438 \u043d\u0435\u0441\u0442\u0430\u0431\u0438\u043b\u044c\u043d\u044b\u0445 \u0432\u0435\u0449\u0435\u0441\u0442\u0432,<\/p>\n<p>\u0431\u044b\u0442\u043e\u0432\u0430\u044f \u0438 \u043d\u0435\u043a\u043e\u043c\u043c\u0435\u0440\u0447\u0435\u0441\u043a\u0430\u044f \u0442\u0435\u0445\u043d\u0438\u043a\u0430, \u0433\u0434\u0435 \u043f\u043e\u0442\u0435\u043d\u0446\u0438\u0430\u043b\u044c\u043d\u043e \u0432\u0437\u0440\u044b\u0432\u043e\u043e\u043f\u0430\u0441\u043d\u0430\u044f \u0430\u0442\u043c\u043e\u0441\u0444\u0435\u0440\u0430 \u043c\u043e\u0436\u0435\u0442 \u0431\u044b\u0442\u044c \u0440\u0435\u0434\u043a\u043e\u0439, \u0438\u0441\u043a\u043b\u044e\u0447\u0438\u0442\u0435\u043b\u044c\u043d\u043e \u0432 \u0440\u0435\u0437\u0443\u043b\u044c\u0442\u0430\u0442\u0435 \u0441\u043b\u0443\u0447\u0430\u0439\u043d\u043e\u0439 \u0443\u0442\u0435\u0447\u043a\u0438 \u0433\u0430\u0437\u043e\u043e\u0431\u0440\u0430\u0437\u043d\u043e\u0433\u043e \u0442\u043e\u043f\u043b\u0438\u0432\u0430,<\/p>\n<p>\u0441\u0440\u0435\u0434\u0441\u0442\u0432\u0430 \u0438\u043d\u0434\u0438\u0432\u0438\u0434\u0443\u0430\u043b\u044c\u043d\u043e\u0439 \u0437\u0430\u0449\u0438\u0442\u044b,<\/p>\n<p>\u043c\u043e\u0440\u0441\u043a\u0438\u0435 \u0441\u0443\u0434\u0430 \u0438 \u043f\u043b\u0430\u0432\u0443\u0447\u0438\u0435 \u043f\u0440\u0438\u0431\u0440\u0435\u0436\u043d\u044b\u0435 \u0435\u0434\u0438\u043d\u0438\u0446\u044b, \u0432\u043a\u043b\u044e\u0447\u0430\u044f \u0443\u0441\u0442\u0440\u043e\u0439\u0441\u0442\u0432\u0430 \u043d\u0430 \u0431\u043e\u0440\u0442\u0443,<\/p>\n<p>\u0442\u0440\u0430\u043d\u0441\u043f\u043e\u0440\u0442\u043d\u044b\u0435 \u0441\u0440\u0435\u0434\u0441\u0442\u0432\u0430 \u0438 \u0438\u0445 \u043f\u0440\u0438\u0446\u0435\u043f\u044b, \u043f\u0440\u0435\u0434\u043d\u0430\u0437\u043d\u0430\u0447\u0435\u043d\u043d\u044b\u0435 \u0438\u0441\u043a\u043b\u044e\u0447\u0438\u0442\u0435\u043b\u044c\u043d\u043e \u0434\u043b\u044f \u043f\u0430\u0441\u0441\u0430\u0436\u0438\u0440\u0441\u043a\u043e\u0433\u043e \u0432\u043e\u0437\u0434\u0443\u0448\u043d\u043e\u0433\u043e, \u0430\u0432\u0442\u043e\u043c\u043e\u0431\u0438\u043b\u044c\u043d\u043e\u0433\u043e, \u0436\u0435\u043b\u0435\u0437\u043d\u043e\u0434\u043e\u0440\u043e\u0436\u043d\u043e\u0433\u043e \u0438\u043b\u0438 \u0432\u043e\u0434\u043d\u043e\u0433\u043e \u0442\u0440\u0430\u043d\u0441\u043f\u043e\u0440\u0442\u0430<\/p>\n<p>\u043f\u0440\u043e\u0434\u0443\u043a\u0442\u044b, \u0440\u0430\u0437\u0440\u0430\u0431\u043e\u0442\u0430\u043d\u043d\u044b\u0435 \u0438 \u0438\u0437\u0433\u043e\u0442\u043e\u0432\u043b\u0435\u043d\u043d\u044b\u0435 \u0434\u043b\u044f \u0438\u0441\u043f\u043e\u043b\u044c\u0437\u043e\u0432\u0430\u043d\u0438\u044f \u0432\u043e\u043e\u0440\u0443\u0436\u0435\u043d\u043d\u044b\u043c\u0438 \u0441\u0438\u043b\u0430\u043c\u0438 \u0438\u043b\u0438 \u043f\u043e\u043b\u0438\u0446\u0438\u0435\u0439 \u0438 \u0434\u0440\u0443\u0433\u0438\u043c\u0438 \u0441\u043b\u0443\u0436\u0431\u0430\u043c\u0438, \u0437\u0430\u0434\u0430\u0447\u0435\u0439 \u043a\u043e\u0442\u043e\u0440\u044b\u0445 \u044f\u0432\u043b\u044f\u0435\u0442\u0441\u044f \u043e\u0431\u0435\u0441\u043f\u0435\u0447\u0435\u043d\u0438\u0435 \u0441\u043e\u0431\u043b\u044e\u0434\u0435\u043d\u0438\u044f \u0437\u0430\u043a\u043e\u043d\u0430 \u0438 \u043f\u043e\u0440\u044f\u0434\u043a\u0430.<\/p>\n<p>\u041e\u0431\u0449\u0438\u0439 \u043f\u0440\u0438\u043d\u0446\u0438\u043f, \u043f\u0440\u0438\u043d\u044f\u0442\u044b\u0439 \u0432 \u0414\u0438\u0440\u0435\u043a\u0442\u0438\u0432\u0435 ATEX 114, \u0437\u0430\u043a\u043b\u044e\u0447\u0430\u0435\u0442\u0441\u044f \u0432 \u043e\u0431\u0435\u0441\u043f\u0435\u0447\u0435\u043d\u0438\u0438 \u0442\u043e\u0433\u043e, \u0447\u0442\u043e\u0431\u044b \u043e\u0431\u043e\u0440\u0443\u0434\u043e\u0432\u0430\u043d\u0438\u0435 \u0438 \u0437\u0430\u0449\u0438\u0442\u043d\u044b\u0435 \u0441\u0438\u0441\u0442\u0435\u043c\u044b \u0431\u044b\u043b\u0438 \u0440\u0430\u0437\u0440\u0430\u0431\u043e\u0442\u0430\u043d\u044b \u0432 \u0441\u043e\u043e\u0442\u0432\u0435\u0442\u0441\u0442\u0432\u0438\u0438 \u0441 \u043f\u0440\u0438\u043d\u0446\u0438\u043f\u0430\u043c\u0438 \u043a\u043e\u043c\u043f\u043b\u0435\u043a\u0441\u043d\u043e\u0439 \u0432\u0437\u0440\u044b\u0432\u043e\u0437\u0430\u0449\u0438\u0442\u044b.<\/p>\n<p>\u041f\u0440\u043e\u0438\u0437\u0432\u043e\u0434\u0438\u0442\u0435\u043b\u044c \u043f\u0440\u043e\u0434\u0443\u043a\u0442\u0430, \u043e\u0445\u0432\u0430\u0442\u044b\u0432\u0430\u0435\u043c\u043e\u0433\u043e \u0414\u0438\u0440\u0435\u043a\u0442\u0438\u0432\u043e\u0439 2014\/34\/\u0415\u0421, \u0434\u043e\u043b\u0436\u0435\u043d \u043e\u043f\u0440\u0435\u0434\u0435\u043b\u0438\u0442\u044c \u043e\u043f\u0430\u0441\u043d\u043e\u0441\u0442\u044c, \u043e\u0446\u0435\u043d\u0438\u0442\u044c \u0440\u0438\u0441\u043a\u0438, \u0441\u0432\u044f\u0437\u0430\u043d\u043d\u044b\u0435 \u0441 \u0443\u0441\u0442\u0430\u043d\u043e\u0432\u043a\u043e\u0439, \u0438\u0441\u043f\u043e\u043b\u044c\u0437\u043e\u0432\u0430\u043d\u0438\u0435\u043c \u0438 \u043e\u0431\u0441\u043b\u0443\u0436\u0438\u0432\u0430\u043d\u0438\u0435\u043c \u043f\u0440\u043e\u0434\u0443\u043a\u0442\u0430, \u043f\u0440\u0438\u043d\u044f\u0442\u044c \u043c\u0435\u0440\u044b \u043f\u043e \u0443\u0441\u0442\u0440\u0430\u043d\u0435\u043d\u0438\u044e \u0438\u043b\u0438 \u0443\u043c\u0435\u043d\u044c\u0448\u0435\u043d\u0438\u044e \u0440\u0438\u0441\u043a\u0430, \u0440\u0430\u0437\u0440\u0430\u0431\u043e\u0442\u0430\u0442\u044c \u0438 \u0440\u0430\u0437\u043c\u0435\u0441\u0442\u0438\u0442\u044c \u0438\u043d\u0444\u043e\u0440\u043c\u0430\u0446\u0438\u044e \u043e\u0431 \u0438\u0441\u043f\u043e\u043b\u044c\u0437\u043e\u0432\u0430\u043d\u0438\u0438 \u043f\u0440\u043e\u0434\u0443\u043a\u0442\u0430 \u043d\u0430 \u0432\u0441\u0435\u0445 \u044d\u0442\u0430\u043f\u0430\u0445 \u0435\u0433\u043e \u00ab\u0436\u0438\u0437\u043d\u0438\u00bb (\u0437\u0430\u043f\u0443\u0441\u043a, \u043e\u0441\u0442\u0430\u043d\u043e\u0432\u043a\u0430, \u0442\u0435\u0445\u043d\u0438\u0447\u0435\u0441\u043a\u043e\u0435 \u043e\u0431\u0441\u043b\u0443\u0436\u0438\u0432\u0430\u043d\u0438\u0435, \u0440\u0435\u043c\u043e\u043d\u0442), \u0441 \u0443\u0447\u0435\u0442\u043e\u043c \u043a\u0432\u0430\u043b\u0438\u0444\u0438\u043a\u0430\u0446\u0438\u0438 \u043b\u0438\u0446, \u043a\u043e\u0442\u043e\u0440\u044b\u0435 \u043c\u043e\u0433\u0443\u0442 \u0432\u044b\u043f\u043e\u043b\u043d\u044f\u0442\u044c \u043a\u043e\u043d\u043a\u0440\u0435\u0442\u043d\u044b\u0435 \u0437\u0430\u0434\u0430\u0447\u0438.<\/p>\n<div>\u043e\u0431\u043e\u0440\u0443\u0434\u043e\u0432\u0430\u043d\u0438\u0435 \u0438 \u0437\u0430\u0449\u0438\u0442\u043d\u044b\u0435 \u0441\u0438\u0441\u0442\u0435\u043c\u044b, \u043f\u0440\u0435\u0434\u043d\u0430\u0437\u043d\u0430\u0447\u0435\u043d\u043d\u044b\u0435 \u0434\u043b\u044f \u0438\u0441\u043f\u043e\u043b\u044c\u0437\u043e\u0432\u0430\u043d\u0438\u044f \u0432 \u043f\u043e\u0442\u0435\u043d\u0446\u0438\u0430\u043b\u044c\u043d\u043e \u0432\u0437\u0440\u044b\u0432\u043e\u043e\u043f\u0430\u0441\u043d\u044b\u0445 \u0441\u0440\u0435\u0434\u0430\u0445 (ATEX).<\/div>\n<div><\/div>\n<div><\/div>\n<p>[\/vc_column_text][vc_column_text]\n<table id=\"tablepress-5\" class=\"tablepress tablepress-id-5\">\n<thead>\n<tr class=\"row-1\">\n\t<th class=\"column-1\">Products<br \/>\n<\/th><th class=\"column-2\">Procedures<br \/>\n<\/th><th class=\"column-3\">Articles\/Annexes<br \/>\n<\/th>\n<\/tr>\n<\/thead>\n<tbody class=\"row-striping row-hover\">\n<tr class=\"row-2\">\n\t<td class=\"column-1\">Group I electrical:<br \/>\n   - - Category M1 equipment<br \/>\n   - - Category M2 equipment<br \/>\n   - - Protective systems<br \/>\n   - - Safety devices, controlling devices and regulating devices<br \/>\n   - - Components<br \/>\nGroup I non-electrical:<br \/>\n   - - Category M1 equipment<br \/>\n   - - Category M2 equipment<br \/>\n   - - Protective systems<br \/>\n   - - Safety devices, controlling devices and regulating devices<br \/>\n   - - Components<br \/>\nGroup II gas electrical:<br \/>\n   - - Category 1 equipment<br \/>\n   - - Category 2 equipment<br \/>\n   - - Category 3 equipment<br \/>\n   - - Protective systems<br \/>\n   - - Safety devices, controlling devices and regulating devices<br \/>\n   - - Components<br \/>\nGroup II dust electrical:<br \/>\n   - - Category 1 equipment<br \/>\n   - - Category 2 equipment<br \/>\n   - - Category 3 equipment<br \/>\n   - - Protective systems<br \/>\n   - - Safety devices, controlling devices and regulating devices<br \/>\n   - - Components<br \/>\nGroup II gas non-electrical:<br \/>\n   - - Category 1 equipment<br \/>\n   - - Category 2 equipment<br \/>\n   - - Category 3 equipment<br \/>\n   - - Protective systems<br \/>\n   - - Safety devices, controlling devices and regulating devices<br \/>\n   - - Components<br \/>\nGroup II dust non-electrical:<br \/>\n   - - Category 1 equipment<br \/>\n   - - Category 2 equipment<br \/>\n   - - Category 3 equipment<br \/>\n   - - Protective systems<br \/>\n   - - Safety devices, controlling devices and regulating devices<br \/>\n   - - Components<\/td><td class=\"column-2\">EU-type examination (Module B)<br \/>\nConformity to type based on quality assurance of the production process (Module D)<br \/>\nConformity to type based on product verification (Module F)<br \/>\nConformity to type based on internal production control plus supervised product testing (Module C1)<br \/>\nConformity to type based on product quality assurance (Module E)<br \/>\nConformity based on unit verification (Module G)<\/td><td class=\"column-3\">Annex III<br \/>\nAnnex IV<br \/>\nAnnex V<br \/>\nAnnex VI<br \/>\nAnnex VII<br \/>\nAnnex IX<\/td>\n<\/tr>\n<\/tbody>\n<\/table>\n<!-- #tablepress-5 from cache -->[\/vc_column_text][\/vc_column][\/vc_row][vc_row][vc_column][vc_column_text]<strong><em><a href=\"\/wp-content\/uploads\/2020\/06\/Ministru-kabineta-noteikumi-Spradzienbistama-vide-lietojamo-iekartu-un-aizsargsistemu-noteikumi.pdf\">Ministru kabineta noteikumi Nr. 231 Spr\u0101dzienb\u012bstam\u0101 vid\u0113 lietojamo iek\u0101rtu un aizsarsist\u0113mu noteikumi Izdoti saska\u0146\u0101 ar likuma &#8220;Par atbilst\u012bbas nov\u0113rt\u0113\u0161anu&#8221;<\/a><\/em><\/strong>[\/vc_column_text][\/vc_column][\/vc_row]<\/p>\n","protected":false},"excerpt":{"rendered":"<p>[vc_row][vc_column][vc_column_text]\u0414\u0438\u0440\u0435\u043a\u0442\u0438\u0432\u0430 2014\/34\/\u0415\u0421\u00a0\u043e\u0431\u043e\u0440\u0443\u0434\u043e\u0432\u0430\u043d\u0438\u0435 \u043f\u0440\u0435\u0434\u043d\u0430\u0437\u043d\u0430\u0447\u0435\u043d\u043d\u043e\u0435 \u0434\u043b\u044f \u0440\u0430\u0431\u043e\u0442\u044b \u0432\u043e \u0432\u0437\u0440\u044b\u0432\u043e\u043e\u043f\u0430\u0441\u043d\u043e\u0439 \u0441\u0440\u0435\u0434\u0435. \u0414\u0438\u0440\u0435\u043a\u0442\u0438\u0432\u0430 2014\/34\/\u0415\u0421, \u0442\u0430\u043a \u043d\u0430\u0437\u044b\u0432\u0430\u0435\u043c\u0430\u044f ATEX 114, \u044f\u0432\u043b\u044f\u0435\u0442\u0441\u044f \u043e\u0434\u043d\u0438\u043c \u0438\u0437 \u0437\u0430\u043a\u043e\u043d\u043e\u0434\u0430\u0442\u0435\u043b\u044c\u043d\u044b\u0445 \u0430\u043a\u0442\u043e\u0432 \u0415\u0421, \u043e\u043f\u0440\u0435\u0434\u0435\u043b\u044f\u044e\u0449\u0438\u0445 \u043e\u0441\u043d\u043e\u0432\u043d\u044b\u0435 \u0442\u0440\u0435\u0431\u043e\u0432\u0430\u043d\u0438\u044f \u0431\u0435\u0437\u043e\u043f\u0430\u0441\u043d\u043e\u0441\u0442\u0438. \u042d\u0442\u0438 \u0442\u0440\u0435\u0431\u043e\u0432\u0430\u043d\u0438\u044f \u0441\u0432\u044f\u0437\u0430\u043d\u044b \u0441 \u0440\u0430\u0437\u0440\u0430\u0431\u043e\u0442\u043a\u043e\u0439 \u0438 \u0438\u0437\u0433\u043e\u0442\u043e\u0432\u043b\u0435\u043d\u0438\u0435\u043c \u043f\u0440\u043e\u0434\u0443\u043a\u0442\u043e\u0432, \u043a\u043e\u0442\u043e\u0440\u044b\u0435 \u043c\u043e\u0433\u0443\u0442 \u0431\u044b\u0442\u044c \u0440\u0430\u0437\u043c\u0435\u0449\u0435\u043d\u044b \u043d\u0430 \u0440\u044b\u043d\u043a\u0435 \u0421\u043e\u043e\u0431\u0449\u0435\u0441\u0442\u0432\u0430 \u0438 \u0432\u0432\u0435\u0434\u0435\u043d\u044b \u0432 \u044d\u043a\u0441\u043f\u043b\u0443\u0430\u0442\u0430\u0446\u0438\u044e \u0442\u043e\u0433\u0434\u0430, \u043a\u043e\u0433\u0434\u0430 \u043e\u043d\u0438 \u043d\u0435 \u043c\u043e\u0433\u0443\u0442 \u043f\u0440\u0435\u0434\u0441\u0442\u0430\u0432\u043b\u044f\u0442\u044c \u0443\u0433\u0440\u043e\u0437\u0443 \u0434\u043b\u044f \u043e\u043a\u0440\u0443\u0436\u0430\u044e\u0449\u0435\u0439 \u0441\u0440\u0435\u0434\u044b (\u043b\u044e\u0434\u0435\u0439, \u0434\u043e\u043c\u0430\u0448\u043d\u0438\u0445 [&hellip;]<\/p>\n","protected":false},"author":1,"featured_media":0,"parent":0,"menu_order":0,"comment_status":"closed","ping_status":"closed","template":"page-templates\/template-fullwidth.php","meta":{"footnotes":""},"class_list":["post-3449","page","type-page","status-publish","hentry"],"translation":{"provider":"WPGlobus","version":"3.0.0","language":"ru","enabled_languages":["en","lv","ru"],"languages":{"en":{"title":true,"content":true,"excerpt":false},"lv":{"title":true,"content":true,"excerpt":false},"ru":{"title":true,"content":true,"excerpt":false}}},"_links":{"self":[{"href":"https:\/\/ce-test.lv\/ru\/wp-json\/wp\/v2\/pages\/3449","targetHints":{"allow":["GET"]}}],"collection":[{"href":"https:\/\/ce-test.lv\/ru\/wp-json\/wp\/v2\/pages"}],"about":[{"href":"https:\/\/ce-test.lv\/ru\/wp-json\/wp\/v2\/types\/page"}],"author":[{"embeddable":true,"href":"https:\/\/ce-test.lv\/ru\/wp-json\/wp\/v2\/users\/1"}],"replies":[{"embeddable":true,"href":"https:\/\/ce-test.lv\/ru\/wp-json\/wp\/v2\/comments?post=3449"}],"version-history":[{"count":19,"href":"https:\/\/ce-test.lv\/ru\/wp-json\/wp\/v2\/pages\/3449\/revisions"}],"predecessor-version":[{"id":3478,"href":"https:\/\/ce-test.lv\/ru\/wp-json\/wp\/v2\/pages\/3449\/revisions\/3478"}],"wp:attachment":[{"href":"https:\/\/ce-test.lv\/ru\/wp-json\/wp\/v2\/media?parent=3449"}],"curies":[{"name":"wp","href":"https:\/\/api.w.org\/{rel}","templated":true}]}}